{"id":4230,"date":"2025-12-23T10:27:44","date_gmt":"2025-12-23T10:27:44","guid":{"rendered":"https:\/\/optionrewater.com\/?page_id=4230"},"modified":"2026-04-01T08:44:09","modified_gmt":"2026-04-01T08:44:09","slug":"contact-3","status":"publish","type":"page","link":"https:\/\/optionrewater.com\/ro\/contact-3\/","title":{"rendered":"Politica de cookie-uri"},"content":{"rendered":"\n<div class=\"wp-block-uagb-container uagb-block-d1eb7ce0 alignfull uagb-is-root-container\"><div class=\"uagb-container-inner-blocks-wrap\">\n<div class=\"wp-block-uagb-advanced-heading uagb-block-dec0b818\"><h1 class=\"uagb-heading-text\">POLITICA DE COOKIE-URI<\/h1><\/div>\n<\/div><\/div>\n\n<div class=\"wp-block-uagb-container uagb-block-84c501da alignfull uagb-is-root-container\"><div class=\"uagb-container-inner-blocks-wrap\">\n<div class=\"wp-block-uagb-advanced-heading uagb-block-38630d2e\"><h2 class=\"uagb-heading-text\">Ce sunt cookie-urile<\/h2><div class=\"uagb-separator\"><\/div><\/div>\n\n\n\n<div class=\"wp-block-uagb-advanced-heading uagb-block-b292a65e\"><h6 class=\"uagb-heading-text\">A\u0219a cum este o practic\u0103 obi\u0219nuit\u0103 pe aproape toate site-urile web profesionale, OPTIO:ON RE:WATER utilizeaz\u0103 cookie-uri. Cookie-urile sunt fi\u0219iere text mici care sunt plasate pe dispozitivul dumneavoastr\u0103 pentru a contribui la \u00eembun\u0103t\u0103\u021birea experien\u021bei de navigare.<br\/>Aceast\u0103 politic\u0103 explic\u0103 ce informa\u021bii colecteaz\u0103 cookie-urile, cum le utiliz\u0103m \u0219i de ce sunt uneori necesare. De asemenea, explic\u0103 cum pute\u021bi dezactiva cookie-urile, de\u0219i acest lucru poate afecta func\u021bionalitatea acestui site web.  <\/h6><\/div>\n<\/div><\/div>\n\n<div class=\"wp-block-uagb-container uagb-block-662059e2 alignfull uagb-is-root-container\"><div class=\"uagb-container-inner-blocks-wrap\">\n<div class=\"wp-block-uagb-advanced-heading uagb-block-1ff39d8e\"><h2 class=\"uagb-heading-text\">Cum utiliz\u0103m cookie-urile<\/h2><div class=\"uagb-separator\"><\/div><\/div>\n\n\n\n<div class=\"wp-block-uagb-advanced-heading uagb-block-5b2d9f0f\"><h6 class=\"uagb-heading-text\">Utiliz\u0103m cookie-uri din mai multe motive, inclusiv:<br\/>&#8211; asigurarea func\u021bion\u0103rii corecte a site-ului web;<br\/>&#8211; re\u021binerea preferin\u021belor utilizatorilor;<br\/>&#8211; permiterea autentific\u0103rii sigure \u0219i a proces\u0103rii comenzilor;<br\/>&#8211; analizarea utiliz\u0103rii site-ului web pentru a \u00eembun\u0103t\u0103\u021bi performan\u021ba \u0219i experien\u021ba utilizatorului.<br\/><br\/>\u00cen majoritatea cazurilor, nu exist\u0103 op\u021biuni standard pentru dezactivarea cookie-urilor f\u0103r\u0103 a dezactiva func\u021bii importante ale site-ului. Dac\u0103 nu sunte\u021bi sigur dac\u0103 ave\u021bi nevoie de cookie-uri activate, v\u0103 recomand\u0103m s\u0103 le l\u0103sa\u021bi activate. <\/h6><\/div>\n<\/div><\/div>\n\n<div class=\"wp-block-uagb-container uagb-block-aa2b6bef alignfull uagb-is-root-container\"><div class=\"uagb-container-inner-blocks-wrap\">\n<div class=\"wp-block-uagb-advanced-heading uagb-block-5d880236\"><h2 class=\"uagb-heading-text\">Dezactivarea cookie-urilor<\/h2><div class=\"uagb-separator\"><\/div><\/div>\n\n\n\n<div class=\"wp-block-uagb-advanced-heading uagb-block-81d1ce8d\"><h6 class=\"uagb-heading-text\">Pute\u021bi dezactiva cookie-urile ajust\u00e2nd set\u0103rile browserului dumneavoastr\u0103 (consulta\u021bi sec\u021biunea Ajutor a browserului pentru instruc\u021biuni).<br\/>V\u0103 rug\u0103m s\u0103 re\u021bine\u021bi c\u0103 dezactivarea cookie-urilor poate limita sau \u00eentrerupe anumite func\u021bii ale acestui site web, inclusiv accesul la cont \u0219i func\u021bionalitatea de finalizare a comenzii.<\/h6><\/div>\n<\/div><\/div>\n\n<div class=\"wp-block-uagb-container uagb-block-67b274ff alignfull uagb-is-root-container\"><div class=\"uagb-container-inner-blocks-wrap\">\n<div class=\"wp-block-uagb-advanced-heading uagb-block-eac47a4a\"><h2 class=\"uagb-heading-text\">Cookie-uri pe care le set\u0103m<\/h2><div class=\"uagb-separator\"><\/div><\/div>\n\n\n\n<div class=\"wp-block-uagb-advanced-heading uagb-block-523f63cd\"><h6 class=\"uagb-heading-text\"><strong>Cookie-uri legate de cont<\/strong> (dac\u0103 este cazul)<br\/>Dac\u0103 v\u0103 crea\u021bi un cont la noi, cookie-urile sunt utilizate pentru a gestiona procesul de \u00eenregistrare \u0219i administrarea general\u0103. Aceste cookie-uri sunt de obicei eliminate atunci c\u00e2nd v\u0103 deconecta\u021bi, dar pot r\u0103m\u00e2ne pentru a re\u021bine preferin\u021bele dumneavoastr\u0103. <br\/><br\/><strong>Cookie-uri legate de autentificare<\/strong> (dac\u0103 este cazul)<br\/>C\u00e2nd v\u0103 autentifica\u021bi, cookie-urile re\u021bin sesiunea dumneavoastr\u0103, astfel \u00eenc\u00e2t s\u0103 nu fie nevoie s\u0103 v\u0103 autentifica\u021bi din nou pe fiecare pagin\u0103. Acestea sunt \u0219terse c\u00e2nd v\u0103 deconecta\u021bi. <br\/><br\/><strong>Cookie-uri de procesare a comenzilor<\/strong><br\/>Aceste cookie-uri sunt esen\u021biale pentru func\u021bionalitatea de comer\u021b electronic. Ele asigur\u0103 c\u0103 detaliile comenzii dumneavoastr\u0103 sunt re\u021binute \u00eentre pagini \u0219i procesate corect. <br\/><br\/><strong>Cookie-uri legate de formulare<\/strong><br\/>C\u00e2nd trimite\u021bi informa\u021bii prin formulare (formulare de contact, formulare de solicitare), cookie-urile pot fi setate pentru a re\u021bine detaliile dumneavoastr\u0103 pentru coresponden\u021ba viitoare.<br\/><br\/><strong>Cookie-uri de preferin\u021be ale site-ului<\/strong><br\/>Aceste cookie-uri re\u021bin preferin\u021bele dumneavoastr\u0103 pe site (cum ar fi set\u0103rile de limb\u0103 sau regiune) pentru a oferi o experien\u021b\u0103 consistent\u0103.<\/h6><\/div>\n<\/div><\/div>\n\n<div class=\"wp-block-uagb-container uagb-block-f623f14a alignfull uagb-is-root-container\"><div class=\"uagb-container-inner-blocks-wrap\">\n<div class=\"wp-block-uagb-advanced-heading uagb-block-07269b2f\"><h2 class=\"uagb-heading-text\">Cookie-uri de la ter\u021bi<\/h2><div class=\"uagb-separator\"><\/div><\/div>\n\n\n\n<div class=\"wp-block-uagb-advanced-heading uagb-block-2690c884\"><h6 class=\"uagb-heading-text\">\u00cen unele cazuri, utiliz\u0103m cookie-uri de la ter\u021bi de \u00eencredere.<br\/><br\/><strong>Analize<\/strong><br\/>Utiliz\u0103m instrumente de analiz\u0103 (cum ar fi Google Analytics sau servicii similare) pentru a \u00een\u021belege cum utilizeaz\u0103 vizitatorii site-ul nostru web. Aceste cookie-uri pot colecta informa\u021bii precum:<br\/>&#8211; paginile vizitate;<br\/>&#8211; timpul petrecut pe site;<br\/>&#8211; comportamentul de navigare.<br\/>Acest lucru ne ajut\u0103 s\u0103 \u00eembun\u0103t\u0103\u021bim con\u021binutul, utilizabilitatea \u0219i performan\u021ba. <br\/><br\/><strong>Testare &amp; optimizare<br\/><\/strong>Din c\u00e2nd \u00een c\u00e2nd, putem testa noi func\u021bii sau modific\u0103ri de aspect. Cookie-urile pot fi utilizate pentru a asigura o experien\u021b\u0103 consistent\u0103 a utilizatorului \u0219i pentru a \u00een\u021belege ce \u00eembun\u0103t\u0103\u021biri consider\u0103 utilizatorii cele mai utile. <br\/><br\/><strong>Urm\u0103rirea v\u00e2nz\u0103rilor &amp; performan\u021bei<br\/><\/strong>Cookie-urile ne ajut\u0103 s\u0103 \u00een\u021belegem c\u00e2\u021bi vizitatori finalizeaz\u0103 o achizi\u021bie. Acest lucru ne permite s\u0103 optimiz\u0103m pre\u021burile, marketingul \u0219i disponibilitatea produselor. <br\/><br\/><strong>Cookie-uri de social media<br\/><\/strong>Dac\u0103 site-ul nostru include butoane sau plugin-uri de social media (cum ar fi Facebook, Instagram sau platforme similare), aceste platforme pot seta cookie-uri prin intermediul site-ului nostru \u00een conformitate cu propriile politici de confiden\u021bialitate.<\/h6><\/div>\n<\/div><\/div>\n\n<div class=\"wp-block-uagb-container uagb-block-61878dfb alignfull uagb-is-root-container\"><div class=\"uagb-container-inner-blocks-wrap\">\n<div class=\"wp-block-uagb-advanced-heading uagb-block-8dbc8a79\"><h2 class=\"uagb-heading-text\">Mai multe informa\u021bii<\/h2><div class=\"uagb-separator\"><\/div><\/div>\n\n\n\n<div class=\"wp-block-uagb-advanced-heading uagb-block-85c25c2c\"><h6 class=\"uagb-heading-text\">Dac\u0103 ave\u021bi \u00eentreb\u0103ri despre utilizarea cookie-urilor, ne pute\u021bi contacta la:<br\/>&#8211; <a>sales@optionrewater.com<\/a><br\/>&#8211; +373 79 187 123<\/h6><\/div>\n<\/div><\/div>\n\n<p><\/p>\n","protected":false},"excerpt":{"rendered":"<p>POLITICA DE COOKIE-URI Ce sunt cookie-urile A\u0219a cum este o practic\u0103 obi\u0219nuit\u0103 pe aproape toate site-urile web profesionale, OPTIO:ON RE:WATER utilizeaz\u0103 cookie-uri. Cookie-urile sunt fi\u0219iere text mici care sunt plasate pe dispozitivul dumneavoastr\u0103 pentru a contribui la \u00eembun\u0103t\u0103\u021birea experien\u021bei de navigare.Aceast\u0103 politic\u0103 explic\u0103 ce informa\u021bii colecteaz\u0103 cookie-urile, cum le utiliz\u0103m \u0219i de ce sunt uneori [&hellip;]<\/p>\n","protected":false},"author":1,"featured_media":0,"parent":0,"menu_order":0,"comment_status":"closed","ping_status":"closed","template":"","meta":{"_uag_custom_page_level_css":"","site-sidebar-layout":"no-sidebar","site-content-layout":"page-builder","ast-site-content-layout":"full-width-container","site-content-style":"unboxed","site-sidebar-style":"unboxed","ast-global-header-display":"","ast-banner-title-visibility":"","ast-main-header-display":"","ast-hfb-above-header-display":"","ast-hfb-below-header-display":"","ast-hfb-mobile-header-display":"","site-post-title":"disabled","ast-breadcrumbs-content":"","ast-featured-img":"disabled","footer-sml-layout":"","theme-transparent-header-meta":"enabled","adv-header-id-meta":"","stick-header-meta":"","header-above-stick-meta":"","header-main-stick-meta":"","header-below-stick-meta":"","astra-migrate-meta-layouts":"set","ast-page-background-enabled":"default","ast-page-background-meta":{"desktop":{"background-color":"","background-image":"","background-repeat":"repeat","background-position":"center center","background-size":"auto","background-attachment":"scroll","background-type":"","background-media":"","overlay-type":"","overlay-color":"","overlay-opacity":"","overlay-gradient":""},"tablet":{"background-color":"","background-image":"","background-repeat":"repeat","background-position":"center center","background-size":"auto","background-attachment":"scroll","background-type":"","background-media":"","overlay-type":"","overlay-color":"","overlay-opacity":"","overlay-gradient":""},"mobile":{"background-color":"","background-image":"","background-repeat":"repeat","background-position":"center center","background-size":"auto","background-attachment":"scroll","background-type":"","background-media":"","overlay-type":"","overlay-color":"","overlay-opacity":"","overlay-gradient":""}},"ast-content-background-meta":{"desktop":{"background-color":"var(--ast-global-color-5)","background-image":"","background-repeat":"repeat","background-position":"center center","background-size":"auto","background-attachment":"scroll","background-type":"","background-media":"","overlay-type":"","overlay-color":"","overlay-opacity":"","overlay-gradient":""},"tablet":{"background-color":"var(--ast-global-color-5)","background-image":"","background-repeat":"repeat","background-position":"center center","background-size":"auto","background-attachment":"scroll","background-type":"","background-media":"","overlay-type":"","overlay-color":"","overlay-opacity":"","overlay-gradient":""},"mobile":{"background-color":"var(--ast-global-color-5)","background-image":"","background-repeat":"repeat","background-position":"center center","background-size":"auto","background-attachment":"scroll","background-type":"","background-media":"","overlay-type":"","overlay-color":"","overlay-opacity":"","overlay-gradient":""}},"footnotes":""},"class_list":["post-4230","page","type-page","status-publish","hentry"],"aioseo_notices":[],"_hostinger_reach_plugin_has_subscription_block":false,"_hostinger_reach_plugin_is_elementor":false,"uagb_featured_image_src":{"full":false,"thumbnail":false,"medium":false,"medium_large":false,"large":false,"1536x1536":false,"2048x2048":false,"woocommerce_thumbnail":false,"woocommerce_single":false,"woocommerce_gallery_thumbnail":false},"uagb_author_info":{"display_name":"","author_link":"https:\/\/optionrewater.com\/ro\/author\/mariasworkingspacegmail-com\/"},"uagb_comment_info":0,"uagb_excerpt":"POLITICA DE COOKIE-URI Ce sunt cookie-urile A\u0219a cum este o practic\u0103 obi\u0219nuit\u0103 pe aproape toate site-urile web profesionale, OPTIO:ON RE:WATER utilizeaz\u0103 cookie-uri. Cookie-urile sunt fi\u0219iere text mici care sunt plasate pe dispozitivul dumneavoastr\u0103 pentru a contribui la \u00eembun\u0103t\u0103\u021birea experien\u021bei de navigare.Aceast\u0103 politic\u0103 explic\u0103 ce informa\u021bii colecteaz\u0103 cookie-urile, cum le utiliz\u0103m \u0219i de ce sunt uneori&hellip;","_links":{"self":[{"href":"https:\/\/optionrewater.com\/ro\/wp-json\/wp\/v2\/pages\/4230","targetHints":{"allow":["GET"]}}],"collection":[{"href":"https:\/\/optionrewater.com\/ro\/wp-json\/wp\/v2\/pages"}],"about":[{"href":"https:\/\/optionrewater.com\/ro\/wp-json\/wp\/v2\/types\/page"}],"author":[{"embeddable":true,"href":"https:\/\/optionrewater.com\/ro\/wp-json\/wp\/v2\/users\/1"}],"replies":[{"embeddable":true,"href":"https:\/\/optionrewater.com\/ro\/wp-json\/wp\/v2\/comments?post=4230"}],"version-history":[{"count":3,"href":"https:\/\/optionrewater.com\/ro\/wp-json\/wp\/v2\/pages\/4230\/revisions"}],"predecessor-version":[{"id":4474,"href":"https:\/\/optionrewater.com\/ro\/wp-json\/wp\/v2\/pages\/4230\/revisions\/4474"}],"wp:attachment":[{"href":"https:\/\/optionrewater.com\/ro\/wp-json\/wp\/v2\/media?parent=4230"}],"curies":[{"name":"wp","href":"https:\/\/api.w.org\/{rel}","templated":true}]}}