{"id":4097,"date":"2025-10-24T08:53:02","date_gmt":"2025-10-24T08:53:02","guid":{"rendered":"https:\/\/optionrewater.com\/despre\/"},"modified":"2025-11-27T08:11:07","modified_gmt":"2025-11-27T08:11:07","slug":"despre","status":"publish","type":"page","link":"https:\/\/optionrewater.com\/ro\/despre\/","title":{"rendered":"Despre"},"content":{"rendered":"\n<div class=\"wp-block-uagb-container uagb-block-78fbda14 alignfull uagb-is-root-container\"><div class=\"uagb-container-inner-blocks-wrap\">\n<div style=\"height:29px\" aria-hidden=\"true\" class=\"wp-block-spacer\"><\/div>\n\n\n\n<div class=\"wp-block-uagb-advanced-heading uagb-block-d16bb980\"><h2 class=\"uagb-heading-text\"><strong>Ap\u0103 Pur\u0103 | Alegere Inteligent\u0103 | Viitor Sustenabil<\/strong><\/h2><\/div>\n\n\n\n<div class=\"wp-block-uagb-advanced-heading uagb-block-fd2e3c26\"><h2 class=\"uagb-heading-text\">OPTI:ON este distribuitorul european oficial al RE:WATER, oferind ap\u0103 de izvor plat\u0103 \u0219i carbogazoas\u0103 \u00een sticle de aluminiu reutilizabile. Obiectivul nostru este s\u0103 facem hidratarea sustenabil\u0103 simpl\u0103 \u0219i accesibil\u0103 tuturor. <\/h2><\/div>\n\n\n\n<div style=\"height:48px\" aria-hidden=\"true\" class=\"wp-block-spacer\"><\/div>\n<\/div><\/div>\n\n\n\n<div class=\"wp-block-uagb-container uagb-block-0682ea1d alignfull uagb-is-root-container\"><div class=\"uagb-container-inner-blocks-wrap\">\n<div class=\"wp-block-uagb-container uagb-block-d904cbea\">\n<div class=\"wp-block-uagb-container uagb-block-37158dbe\">\n<div class=\"wp-block-uagb-info-box uagb-block-1d62cba7 uagb-infobox__content-wrap  uagb-infobox-icon-above-title uagb-infobox-image-valign-top\"><div class=\"uagb-ifb-content\"><div class=\"uagb-ifb-title-wrap\"><div class=\"uagb-ifb-separator\"><\/div><h3 class=\"uagb-ifb-title\">Cine Suntem<\/h3><\/div><p class=\"uagb-ifb-desc\"><strong>OPTI:ON<\/strong> este distribuitorul european oficial al <strong>RE:WATER<\/strong> \u2014 un brand dedicat hidrat\u0103rii \u0219i sustenabilit\u0103\u021bii.<br>Ne concentr\u0103m pe furnizarea de ap\u0103 de izvor natural\u0103 \u00een sticle de aluminiu reutilizabile pentru companii \u0219i consumatori care care aleg s\u0103 protejeze planeta.<\/p><\/div><\/div>\n<\/div>\n\n\n\n<div class=\"wp-block-uagb-container uagb-block-75bd7c61\">\n<div class=\"wp-block-uagb-info-box uagb-block-4eb4800b uagb-infobox__content-wrap  uagb-infobox-icon-above-title uagb-infobox-image-valign-top\"><div class=\"uagb-ifb-content\"><div class=\"uagb-ifb-title-wrap\"><div class=\"uagb-ifb-separator\"><\/div><h3 class=\"uagb-ifb-title\">Misiunea Noastr\u0103<\/h3><\/div><p class=\"uagb-ifb-desc\">O lume \u00een care putem r\u0103m\u00e2ne hidrata\u021bi f\u0103r\u0103 s\u0103 afect\u0103m planeta. Ne imagin\u0103m un viitor f\u0103r\u0103 sticle de plastic, \u00een care inova\u021bia \u0219i responsabilitatea merg m\u00e2n\u0103 \u00een m\u00e2n\u0103 \u2014 iar fiecare \u00eenghi\u021bitur\u0103 sprijin\u0103 o planet\u0103 mai curat\u0103 \u0219i mai sustenabil\u0103.<\/p><\/div><\/div>\n<\/div>\n\n\n\n<div class=\"wp-block-uagb-container uagb-block-bb6ae8ac\">\n<div class=\"wp-block-uagb-info-box uagb-block-4f0b567b uagb-infobox__content-wrap  uagb-infobox-icon-above-title uagb-infobox-image-valign-top\"><div class=\"uagb-ifb-content\"><div class=\"uagb-ifb-title-wrap\"><div class=\"uagb-ifb-separator\"><\/div><h3 class=\"uagb-ifb-title\">Ce Facem<\/h3><\/div><\/div><\/div>\n\n\n\n<div class=\"wp-block-uagb-icon-list uagb-block-0df84fb5\"><div class=\"uagb-icon-list__wrap\">\n<div class=\"wp-block-uagb-icon-list-child uagb-block-e0950454\"><a target=\"_self\" aria-label=\"\u00cembutelierea apei naturale de izvor\" rel=\"noopener noreferrer\" href=\"#\"> <\/a><span class=\"uagb-icon-list__source-wrap\"><svg xmlns=\"https:\/\/www.w3.org\/2000\/svg\" viewBox=\"0 0 256 512\"><path d=\"M118.6 105.4l128 127.1C252.9 239.6 256 247.8 256 255.1s-3.125 16.38-9.375 22.63l-128 127.1c-9.156 9.156-22.91 11.9-34.88 6.943S64 396.9 64 383.1V128c0-12.94 7.781-24.62 19.75-29.58S109.5 96.23 118.6 105.4z\"><\/path><\/svg><\/span><span class=\"uagb-icon-list__label\">\u00cembutelierea apei naturale de izvor<\/span><\/div>\n\n\n\n<div class=\"wp-block-uagb-icon-list-child uagb-block-110e683d\"><a target=\"_self\" aria-label=\"Sticle reutilizabile din aluminiu\u00a0\" rel=\"noopener noreferrer\" href=\"#\"> <\/a><span class=\"uagb-icon-list__source-wrap\"><svg xmlns=\"https:\/\/www.w3.org\/2000\/svg\" viewBox=\"0 0 256 512\"><path d=\"M118.6 105.4l128 127.1C252.9 239.6 256 247.8 256 255.1s-3.125 16.38-9.375 22.63l-128 127.1c-9.156 9.156-22.91 11.9-34.88 6.943S64 396.9 64 383.1V128c0-12.94 7.781-24.62 19.75-29.58S109.5 96.23 118.6 105.4z\"><\/path><\/svg><\/span><span class=\"uagb-icon-list__label\">Sticle reutilizabile din aluminiu\u00a0<\/span><\/div>\n\n\n\n<div class=\"wp-block-uagb-icon-list-child uagb-block-974a5bc0\"><a target=\"_self\" aria-label=\"Reducerea de\u0219eurilor de plastic\" rel=\"noopener noreferrer\" href=\"#\"> <\/a><span class=\"uagb-icon-list__source-wrap\"><svg xmlns=\"https:\/\/www.w3.org\/2000\/svg\" viewBox=\"0 0 256 512\"><path d=\"M118.6 105.4l128 127.1C252.9 239.6 256 247.8 256 255.1s-3.125 16.38-9.375 22.63l-128 127.1c-9.156 9.156-22.91 11.9-34.88 6.943S64 396.9 64 383.1V128c0-12.94 7.781-24.62 19.75-29.58S109.5 96.23 118.6 105.4z\"><\/path><\/svg><\/span><span class=\"uagb-icon-list__label\">Reducerea de\u0219eurilor de plastic<\/span><\/div>\n\n\n\n<div class=\"wp-block-uagb-icon-list-child uagb-block-21e9cff0\"><a target=\"_self\" aria-label=\"Distribuim RE:WATER \u00een \u00eentreaga Europ\u0103\" rel=\"noopener noreferrer\" href=\"#\"> <\/a><span class=\"uagb-icon-list__source-wrap\"><svg xmlns=\"https:\/\/www.w3.org\/2000\/svg\" viewBox=\"0 0 256 512\"><path d=\"M118.6 105.4l128 127.1C252.9 239.6 256 247.8 256 255.1s-3.125 16.38-9.375 22.63l-128 127.1c-9.156 9.156-22.91 11.9-34.88 6.943S64 396.9 64 383.1V128c0-12.94 7.781-24.62 19.75-29.58S109.5 96.23 118.6 105.4z\"><\/path><\/svg><\/span><span class=\"uagb-icon-list__label\">Distribuim <strong>RE:WATER<\/strong> \u00een \u00eentreaga Europ\u0103<\/span><\/div>\n\n\n\n<div class=\"wp-block-uagb-icon-list-child uagb-block-ede865c1\"><a target=\"_self\" aria-label=\"Promov\u0103m alegerile sustenabile\" rel=\"noopener noreferrer\" href=\"#\"> <\/a><span class=\"uagb-icon-list__source-wrap\"><svg xmlns=\"https:\/\/www.w3.org\/2000\/svg\" viewBox=\"0 0 256 512\"><path d=\"M118.6 105.4l128 127.1C252.9 239.6 256 247.8 256 255.1s-3.125 16.38-9.375 22.63l-128 127.1c-9.156 9.156-22.91 11.9-34.88 6.943S64 396.9 64 383.1V128c0-12.94 7.781-24.62 19.75-29.58S109.5 96.23 118.6 105.4z\"><\/path><\/svg><\/span><span class=\"uagb-icon-list__label\">Promov\u0103m alegerile sustenabile<\/span><\/div>\n<\/div><\/div>\n<\/div>\n<\/div>\n<\/div><\/div>\n\n\n\n<div class=\"wp-block-uagb-container uagb-block-4e055757 alignfull uagb-is-root-container\"><div class=\"uagb-container-inner-blocks-wrap\">\n<div class=\"wp-block-uagb-container uagb-block-9f78db69\">\n<div class=\"wp-block-uagb-advanced-heading uagb-block-52e6f048\"><h1 class=\"uagb-heading-text\">Procesul Nostru \u00een 6 Pa\u0219i<\/h1><\/div>\n\n\n\n<p class=\"has-text-align-center has-ast-global-color-2-color has-text-color has-link-color wp-elements-7287eff0593ab35176fa04f5fa6d4c38\"><em>Inspirat de angajamentul RE:WATER pentru sustenabilitate, distribuit cu m\u00e2ndrie de OPTI:ON.<\/em><\/p>\n<\/div>\n\n\n\n<div class=\"wp-block-uagb-container uagb-block-07da9de1\">\n<div class=\"wp-block-uagb-info-box uagb-block-41b7352e uagb-infobox__content-wrap  uagb-infobox-icon-above-title uagb-infobox-image-valign-top\"><div class=\"uagb-ifb-content\"><div class=\"uagb-ifb-title-wrap\"><span class=\"uagb-ifb-title-prefix\">01.<\/span><h4 class=\"uagb-ifb-title\">Descoperim<\/h4><\/div><p class=\"uagb-ifb-desc\">\u00cen\u021belegerea modului \u00een care calitatea apei, ambalajul \u0219i sustenabilitatea influen\u021beaz\u0103 viitorul sustenabil.<\/p><\/div><\/div>\n\n\n\n<div class=\"wp-block-uagb-info-box uagb-block-974ef798 uagb-infobox__content-wrap  uagb-infobox-icon-above-title uagb-infobox-image-valign-top\"><div class=\"uagb-ifb-content\"><div class=\"uagb-ifb-title-wrap\"><span class=\"uagb-ifb-title-prefix\">02.<\/span><h4 class=\"uagb-ifb-title\">Definim<\/h4><\/div><p class=\"uagb-ifb-desc\">Sus\u021binerea misiunii RE:WATER de a stabili noi standarde pentru design ecologic \u0219i distribu\u021bie responsabil\u0103.<\/p><\/div><\/div>\n\n\n\n<div class=\"wp-block-uagb-info-box uagb-block-1e5ee18b uagb-infobox__content-wrap  uagb-infobox-icon-above-title uagb-infobox-image-valign-top\"><div class=\"uagb-ifb-content\"><div class=\"uagb-ifb-title-wrap\"><span class=\"uagb-ifb-title-prefix\">03.<\/span><h4 class=\"uagb-ifb-title\">Proiect\u0103m<\/h4><\/div><p class=\"uagb-ifb-desc\">Promovarea sticlelor reutilizabile care sunt la fel de elegante pe c\u00e2t sunt de practice.<\/p><\/div><\/div>\n<\/div>\n\n\n\n<div class=\"wp-block-uagb-container uagb-block-f9dbfcfe\">\n<div class=\"wp-block-uagb-info-box uagb-block-1d65747b uagb-infobox__content-wrap  uagb-infobox-icon-above-title uagb-infobox-image-valign-top\"><div class=\"uagb-ifb-content\"><div class=\"uagb-ifb-title-wrap\"><span class=\"uagb-ifb-title-prefix\">04.<\/span><h4 class=\"uagb-ifb-title\">Dezvolt\u0103m<\/h4><\/div><p class=\"uagb-ifb-desc\">Asigurarea c\u0103 fiecare produs \u00eendepline\u0219te cele mai \u00eenalte standarde RE:WATER de calitate \u0219i mediu.<\/p><\/div><\/div>\n\n\n\n<div class=\"wp-block-uagb-info-box uagb-block-c2282ab3 uagb-infobox__content-wrap  uagb-infobox-icon-above-title uagb-infobox-image-valign-top\"><div class=\"uagb-ifb-content\"><div class=\"uagb-ifb-title-wrap\"><span class=\"uagb-ifb-title-prefix\">05.<\/span><h4 class=\"uagb-ifb-title\">Implement\u0103m<\/h4><\/div><p class=\"uagb-ifb-desc\">Distribuirea RE:WATER \u00een Europa cu grij\u0103, consecven\u021b\u0103 \u0219i respect pentru planet\u0103.<\/p><\/div><\/div>\n\n\n\n<div class=\"wp-block-uagb-info-box uagb-block-f425908f uagb-infobox__content-wrap  uagb-infobox-icon-above-title uagb-infobox-image-valign-top\"><div class=\"uagb-ifb-content\"><div class=\"uagb-ifb-title-wrap\"><span class=\"uagb-ifb-title-prefix\">06.<\/span><h4 class=\"uagb-ifb-title\">Livr\u0103m<\/h4><\/div><p class=\"uagb-ifb-desc\">Ajut\u0103m la construirea unui viitor mai curat, o sticl\u0103 reutilizabil\u0103 pentru fiecare.<\/p><\/div><\/div>\n<\/div>\n\n\n\n<div style=\"height:32px\" aria-hidden=\"true\" class=\"wp-block-spacer\"><\/div>\n<\/div><\/div>\n\n\n\n<div class=\"wp-block-uagb-container uagb-block-47c5e8d5 default uagb-is-root-container\">\n<div class=\"wp-block-uagb-container uagb-block-9c40ba52\"><\/div>\n\n\n\n<div class=\"wp-block-uagb-container uagb-block-1ef07dee\">\n<div class=\"wp-block-uagb-advanced-heading uagb-block-f5effed3\"><h2 class=\"uagb-heading-text\"><strong>De ce s\u0103 ne alege\u021bi?<\/strong><\/h2><p class=\"uagb-desc-text\">OPTI:ON este m\u00e2ndru s\u0103 fie <strong>distribuitorul oficial al RE:WATER \u00een<\/strong> Europa, reunind sustenabilitatea, calitatea \u0219i inova\u021bia.<\/p><\/div>\n\n\n\n<div class=\"wp-block-uagb-container uagb-block-78b4f44e\"><div class=\"wp-block-uagb-faq uagb-faq__outer-wrap uagb-block-cbd31900 uagb-faq-icon-row-reverse uagb-faq-layout-accordion uagb-faq-expand-first-true uagb-faq-inactive-other-true uagb-faq__wrap uagb-buttons-layout-wrap uagb-faq-equal-height     \" data-faqtoggle=\"true\" role=\"tablist\"><div class=\"wp-block-uagb-faq-child uagb-faq-child__outer-wrap uagb-faq-item uagb-block-dde2a6dd \" role=\"tab\" tabindex=\"0\"><div class=\"uagb-faq-questions-button uagb-faq-questions\">\t\t\t<span class=\"uagb-icon uagb-faq-icon-wrap\">\n\t\t\t\t\t\t\t\t<svg xmlns=\"https:\/\/www.w3.org\/2000\/svg\" viewBox= \"0 0 512 512\"><path d=\"M0 256C0 114.6 114.6 0 256 0C397.4 0 512 114.6 512 256C512 397.4 397.4 512 256 512C114.6 512 0 397.4 0 256zM256 368C269.3 368 280 357.3 280 344V280H344C357.3 280 368 269.3 368 256C368 242.7 357.3 232 344 232H280V168C280 154.7 269.3 144 256 144C242.7 144 232 154.7 232 168V232H168C154.7 232 144 242.7 144 256C144 269.3 154.7 280 168 280H232V344C232 357.3 242.7 368 256 368z\"><\/path><\/svg>\n\t\t\t\t\t\t\t<\/span>\n\t\t\t\t\t\t<span class=\"uagb-icon-active uagb-faq-icon-wrap\">\n\t\t\t\t\t\t\t\t<svg xmlns=\"https:\/\/www.w3.org\/2000\/svg\" viewBox= \"0 0 512 512\"><path d=\"M0 256C0 114.6 114.6 0 256 0C397.4 0 512 114.6 512 256C512 397.4 397.4 512 256 512C114.6 512 0 397.4 0 256zM168 232C154.7 232 144 242.7 144 256C144 269.3 154.7 280 168 280H344C357.3 280 368 269.3 368 256C368 242.7 357.3 232 344 232H168z\"><\/path><\/svg>\n\t\t\t\t\t\t\t<\/span>\n\t\t\t<span class=\"uagb-question\">Partener RE:WATER de \u00cencredere<\/span><\/div><div class=\"uagb-faq-content\"><p>OPTI:ON reprezint\u0103 oficial marca RE:WATER \u00een Europa.<\/p><\/div><\/div><div class=\"wp-block-uagb-faq-child uagb-faq-child__outer-wrap uagb-faq-item uagb-block-8a6d129c \" role=\"tab\" tabindex=\"0\"><div class=\"uagb-faq-questions-button uagb-faq-questions\">\t\t\t<span class=\"uagb-icon uagb-faq-icon-wrap\">\n\t\t\t\t\t\t\t\t<svg xmlns=\"https:\/\/www.w3.org\/2000\/svg\" viewBox= \"0 0 512 512\"><path d=\"M0 256C0 114.6 114.6 0 256 0C397.4 0 512 114.6 512 256C512 397.4 397.4 512 256 512C114.6 512 0 397.4 0 256zM256 368C269.3 368 280 357.3 280 344V280H344C357.3 280 368 269.3 368 256C368 242.7 357.3 232 344 232H280V168C280 154.7 269.3 144 256 144C242.7 144 232 154.7 232 168V232H168C154.7 232 144 242.7 144 256C144 269.3 154.7 280 168 280H232V344C232 357.3 242.7 368 256 368z\"><\/path><\/svg>\n\t\t\t\t\t\t\t<\/span>\n\t\t\t\t\t\t<span class=\"uagb-icon-active uagb-faq-icon-wrap\">\n\t\t\t\t\t\t\t\t<svg xmlns=\"https:\/\/www.w3.org\/2000\/svg\" viewBox= \"0 0 512 512\"><path d=\"M0 256C0 114.6 114.6 0 256 0C397.4 0 512 114.6 512 256C512 397.4 397.4 512 256 512C114.6 512 0 397.4 0 256zM168 232C154.7 232 144 242.7 144 256C144 269.3 154.7 280 168 280H344C357.3 280 368 269.3 368 256C368 242.7 357.3 232 344 232H168z\"><\/path><\/svg>\n\t\t\t\t\t\t\t<\/span>\n\t\t\t<span class=\"uagb-question\">Distribu\u021bie la Nivel European<\/span><\/div><div class=\"uagb-faq-content\"><p>Livrare rapid\u0103 \u0219i fiabil\u0103 pentru business-uri, cafenele, magazine \u0219i evenimente.<\/p><\/div><\/div><div class=\"wp-block-uagb-faq-child uagb-faq-child__outer-wrap uagb-faq-item uagb-block-4851c2c0 \" role=\"tab\" tabindex=\"0\"><div class=\"uagb-faq-questions-button uagb-faq-questions\">\t\t\t<span class=\"uagb-icon uagb-faq-icon-wrap\">\n\t\t\t\t\t\t\t\t<svg xmlns=\"https:\/\/www.w3.org\/2000\/svg\" viewBox= \"0 0 512 512\"><path d=\"M0 256C0 114.6 114.6 0 256 0C397.4 0 512 114.6 512 256C512 397.4 397.4 512 256 512C114.6 512 0 397.4 0 256zM256 368C269.3 368 280 357.3 280 344V280H344C357.3 280 368 269.3 368 256C368 242.7 357.3 232 344 232H280V168C280 154.7 269.3 144 256 144C242.7 144 232 154.7 232 168V232H168C154.7 232 144 242.7 144 256C144 269.3 154.7 280 168 280H232V344C232 357.3 242.7 368 256 368z\"><\/path><\/svg>\n\t\t\t\t\t\t\t<\/span>\n\t\t\t\t\t\t<span class=\"uagb-icon-active uagb-faq-icon-wrap\">\n\t\t\t\t\t\t\t\t<svg xmlns=\"https:\/\/www.w3.org\/2000\/svg\" viewBox= \"0 0 512 512\"><path d=\"M0 256C0 114.6 114.6 0 256 0C397.4 0 512 114.6 512 256C512 397.4 397.4 512 256 512C114.6 512 0 397.4 0 256zM168 232C154.7 232 144 242.7 144 256C144 269.3 154.7 280 168 280H344C357.3 280 368 269.3 368 256C368 242.7 357.3 232 344 232H168z\"><\/path><\/svg>\n\t\t\t\t\t\t\t<\/span>\n\t\t\t<span class=\"uagb-question\">Angajament Ecologic<\/span><\/div><div class=\"uagb-faq-content\"><p>Promov\u0103m solu\u021bii reutilizabile \u0219i reciclabile care reduc de\u0219eurile din plastic.<\/p><\/div><\/div><div class=\"wp-block-uagb-faq-child uagb-faq-child__outer-wrap uagb-faq-item uagb-block-70ca7a71 \" role=\"tab\" tabindex=\"0\"><div class=\"uagb-faq-questions-button uagb-faq-questions\">\t\t\t<span class=\"uagb-icon uagb-faq-icon-wrap\">\n\t\t\t\t\t\t\t\t<svg xmlns=\"https:\/\/www.w3.org\/2000\/svg\" viewBox= \"0 0 512 512\"><path d=\"M0 256C0 114.6 114.6 0 256 0C397.4 0 512 114.6 512 256C512 397.4 397.4 512 256 512C114.6 512 0 397.4 0 256zM256 368C269.3 368 280 357.3 280 344V280H344C357.3 280 368 269.3 368 256C368 242.7 357.3 232 344 232H280V168C280 154.7 269.3 144 256 144C242.7 144 232 154.7 232 168V232H168C154.7 232 144 242.7 144 256C144 269.3 154.7 280 168 280H232V344C232 357.3 242.7 368 256 368z\"><\/path><\/svg>\n\t\t\t\t\t\t\t<\/span>\n\t\t\t\t\t\t<span class=\"uagb-icon-active uagb-faq-icon-wrap\">\n\t\t\t\t\t\t\t\t<svg xmlns=\"https:\/\/www.w3.org\/2000\/svg\" viewBox= \"0 0 512 512\"><path d=\"M0 256C0 114.6 114.6 0 256 0C397.4 0 512 114.6 512 256C512 397.4 397.4 512 256 512C114.6 512 0 397.4 0 256zM168 232C154.7 232 144 242.7 144 256C144 269.3 154.7 280 168 280H344C357.3 280 368 269.3 368 256C368 242.7 357.3 232 344 232H168z\"><\/path><\/svg>\n\t\t\t\t\t\t\t<\/span>\n\t\t\t<span class=\"uagb-question\">Asisten\u021b\u0103 Clien\u021bi<\/span><\/div><div class=\"uagb-faq-content\"><p>Servicii prompte \u0219i prietenoase la fiecare pas.<\/p><\/div><\/div><div class=\"wp-block-uagb-faq-child uagb-faq-child__outer-wrap uagb-faq-item uagb-block-b31336a7 \" role=\"tab\" tabindex=\"0\"><div class=\"uagb-faq-questions-button uagb-faq-questions\">\t\t\t<span class=\"uagb-icon uagb-faq-icon-wrap\">\n\t\t\t\t\t\t\t\t<svg xmlns=\"https:\/\/www.w3.org\/2000\/svg\" viewBox= \"0 0 512 512\"><path d=\"M0 256C0 114.6 114.6 0 256 0C397.4 0 512 114.6 512 256C512 397.4 397.4 512 256 512C114.6 512 0 397.4 0 256zM256 368C269.3 368 280 357.3 280 344V280H344C357.3 280 368 269.3 368 256C368 242.7 357.3 232 344 232H280V168C280 154.7 269.3 144 256 144C242.7 144 232 154.7 232 168V232H168C154.7 232 144 242.7 144 256C144 269.3 154.7 280 168 280H232V344C232 357.3 242.7 368 256 368z\"><\/path><\/svg>\n\t\t\t\t\t\t\t<\/span>\n\t\t\t\t\t\t<span class=\"uagb-icon-active uagb-faq-icon-wrap\">\n\t\t\t\t\t\t\t\t<svg xmlns=\"https:\/\/www.w3.org\/2000\/svg\" viewBox= \"0 0 512 512\"><path d=\"M0 256C0 114.6 114.6 0 256 0C397.4 0 512 114.6 512 256C512 397.4 397.4 512 256 512C114.6 512 0 397.4 0 256zM168 232C154.7 232 144 242.7 144 256C144 269.3 154.7 280 168 280H344C357.3 280 368 269.3 368 256C368 242.7 357.3 232 344 232H168z\"><\/path><\/svg>\n\t\t\t\t\t\t\t<\/span>\n\t\t\t<span class=\"uagb-question\">Focus pe Sustenabilitate<\/span><\/div><div class=\"uagb-faq-content\"><p>Fiecare sticl\u0103 pe care o livr\u0103m sus\u021bine o planet\u0103 mai curat\u0103.<\/p><\/div><\/div><\/div><\/div>\n<\/div>\n<\/div>\n\n\n\n<div class=\"wp-block-uagb-container numbers-section uagb-block-05a95714 alignfull uagb-is-root-container\"><div class=\"uagb-container-inner-blocks-wrap\">\n<div style=\"height:30px\" aria-hidden=\"true\" class=\"wp-block-spacer\"><\/div>\n\n\n\n<div class=\"wp-block-uagb-advanced-heading uagb-block-99e7b32c\"><h2 class=\"uagb-heading-text\">C\u00c2TEVA CIFRE<\/h2><\/div>\n\n\n\n<div class=\"wp-block-uagb-advanced-heading uagb-block-333285c5\"><h6 class=\"uagb-heading-text\"><strong>OPTI:ON<\/strong> reprezint\u0103 cu m\u00e2ndrie <strong>RE:WATER<\/strong> \u00een Europa, sus\u021bin\u00e2nd misiunea sa pentru un viitor mai curat, f\u0103r\u0103 plastic.<\/h6><\/div>\n\n\n\n<div style=\"height:15px\" aria-hidden=\"true\" class=\"wp-block-spacer\"><\/div>\n<\/div><\/div>\n\n\n\n<div class=\"wp-block-uagb-container uagb-block-22ce9277 alignfull uagb-is-root-container\"><div class=\"uagb-container-inner-blocks-wrap\">\n<div class=\"wp-block-uagb-info-box uagb-block-5a52b786 uagb-infobox__content-wrap  uagb-infobox-icon-above-title uagb-infobox-image-valign-top numbers-section\"><div class=\"uagb-ifb-content\"><div class=\"uagb-ifb-title-wrap\"><h4 class=\"uagb-ifb-title\">150K+<\/h4><\/div><p class=\"uagb-ifb-desc\">Sticle de plastic economisite<\/p><\/div><\/div>\n\n\n\n<div class=\"wp-block-uagb-info-box uagb-block-08f2f776 uagb-infobox__content-wrap  uagb-infobox-icon-above-title uagb-infobox-image-valign-top numbers-section\"><div class=\"uagb-ifb-content\"><div class=\"uagb-ifb-title-wrap\"><h4 class=\"uagb-ifb-title\"><strong>500+<\/strong><\/h4><\/div><p class=\"uagb-ifb-desc\">Parteneri de retail \u00een Marea Britanie<\/p><\/div><\/div>\n\n\n\n<div class=\"wp-block-uagb-info-box uagb-block-af90272e uagb-infobox__content-wrap  uagb-infobox-icon-above-title uagb-infobox-image-valign-top numbers-section\"><div class=\"uagb-ifb-content\"><div class=\"uagb-ifb-title-wrap\"><h4 class=\"uagb-ifb-title\"><strong>100%<\/strong><\/h4><\/div><p class=\"uagb-ifb-desc\">Materiale reciclabile utilizate<\/p><\/div><\/div>\n<\/div><\/div>\n\n\n\n<div class=\"wp-block-uagb-container uagb-block-688c973c alignfull uagb-is-root-container\"><div class=\"uagb-container-inner-blocks-wrap\">\n<div style=\"height:36px\" aria-hidden=\"true\" class=\"wp-block-spacer\"><\/div>\n\n\n\n<div class=\"wp-block-uagb-container uagb-layout-grid uagb-block-7c3671d3\">\n<div class=\"wp-block-uagb-advanced-heading uagb-block-12865cae\"><h3 class=\"uagb-heading-text\">Preg\u0103tit s\u0103 face\u021bi trecerea la hidratarea sustenabil\u0103?<\/h3><p class=\"uagb-desc-text\">Al\u0103tura\u021bi-v\u0103 nou\u0103 \u00een aducerea RE:WATER \u00een toat\u0103 Europa \u2014 pentru cafeneaua, biroul, evenimentul sau spa\u021biul dumneavoastr\u0103 de retail. Fiecare reutilizare contribuie la reducerea plasticului \u0219i la construirea unui viitor mai sustenabil.<\/p><\/div>\n\n\n\n<div class=\"wp-block-uagb-buttons uagb-buttons__outer-wrap uagb-btn__default-btn uagb-btn-tablet__default-btn uagb-btn-mobile__default-btn uagb-block-bd3036e5\"><div class=\"uagb-buttons__wrap uagb-buttons-layout-wrap \">\n<div class=\"wp-block-uagb-buttons-child uagb-buttons__outer-wrap uagb-block-d862191c wp-block-button\"><div class=\"uagb-button__wrapper\"><a class=\"uagb-buttons-repeater wp-block-button__link\" aria-label=\"\" href=\"https:\/\/optionrewater.com\/contact-us\/\" rel=\"follow noopener\" target=\"_self\" role=\"button\"><div class=\"uagb-button__link\">OB\u021aINE-\u021bi o ofert\u0103<\/div><\/a><\/div><\/div>\n<\/div><\/div>\n<\/div>\n<\/div><\/div>\n\n\n\n<p><\/p>\n","protected":false},"excerpt":{"rendered":"<p>Ap\u0103 Pur\u0103 | Alegere Inteligent\u0103 | Viitor Sustenabil OPTI:ON este distribuitorul european oficial al RE:WATER, oferind ap\u0103 de izvor plat\u0103 \u0219i carbogazoas\u0103 \u00een sticle de aluminiu reutilizabile. Obiectivul nostru este s\u0103 facem hidratarea sustenabil\u0103 simpl\u0103 \u0219i accesibil\u0103 tuturor. Procesul Nostru \u00een 6 Pa\u0219i Inspirat de angajamentul RE:WATER pentru sustenabilitate, distribuit cu m\u00e2ndrie de OPTI:ON. De [&hellip;]<\/p>\n","protected":false},"author":1,"featured_media":0,"parent":0,"menu_order":0,"comment_status":"closed","ping_status":"closed","template":"","meta":{"_uag_custom_page_level_css":"","site-sidebar-layout":"no-sidebar","site-content-layout":"page-builder","ast-site-content-layout":"full-width-container","site-content-style":"unboxed","site-sidebar-style":"unboxed","ast-global-header-display":"","ast-banner-title-visibility":"","ast-main-header-display":"","ast-hfb-above-header-display":"","ast-hfb-below-header-display":"","ast-hfb-mobile-header-display":"","site-post-title":"disabled","ast-breadcrumbs-content":"","ast-featured-img":"disabled","footer-sml-layout":"","theme-transparent-header-meta":"enabled","adv-header-id-meta":"","stick-header-meta":"","header-above-stick-meta":"","header-main-stick-meta":"","header-below-stick-meta":"","astra-migrate-meta-layouts":"set","ast-page-background-enabled":"default","ast-page-background-meta":{"desktop":{"background-color":"","background-image":"","background-repeat":"repeat","background-position":"center center","background-size":"auto","background-attachment":"scroll","background-type":"","background-media":"","overlay-type":"","overlay-color":"","overlay-opacity":"","overlay-gradient":""},"tablet":{"background-color":"","background-image":"","background-repeat":"repeat","background-position":"center center","background-size":"auto","background-attachment":"scroll","background-type":"","background-media":"","overlay-type":"","overlay-color":"","overlay-opacity":"","overlay-gradient":""},"mobile":{"background-color":"","background-image":"","background-repeat":"repeat","background-position":"center center","background-size":"auto","background-attachment":"scroll","background-type":"","background-media":"","overlay-type":"","overlay-color":"","overlay-opacity":"","overlay-gradient":""}},"ast-content-background-meta":{"desktop":{"background-color":"var(--ast-global-color-5)","background-image":"","background-repeat":"repeat","background-position":"center center","background-size":"auto","background-attachment":"scroll","background-type":"","background-media":"","overlay-type":"","overlay-color":"","overlay-opacity":"","overlay-gradient":""},"tablet":{"background-color":"var(--ast-global-color-5)","background-image":"","background-repeat":"repeat","background-position":"center center","background-size":"auto","background-attachment":"scroll","background-type":"","background-media":"","overlay-type":"","overlay-color":"","overlay-opacity":"","overlay-gradient":""},"mobile":{"background-color":"var(--ast-global-color-5)","background-image":"","background-repeat":"repeat","background-position":"center center","background-size":"auto","background-attachment":"scroll","background-type":"","background-media":"","overlay-type":"","overlay-color":"","overlay-opacity":"","overlay-gradient":""}},"footnotes":""},"class_list":["post-4097","page","type-page","status-publish","hentry"],"aioseo_notices":[],"_hostinger_reach_plugin_has_subscription_block":false,"_hostinger_reach_plugin_is_elementor":false,"uagb_featured_image_src":{"full":false,"thumbnail":false,"medium":false,"medium_large":false,"large":false,"1536x1536":false,"2048x2048":false,"woocommerce_thumbnail":false,"woocommerce_single":false,"woocommerce_gallery_thumbnail":false},"uagb_author_info":{"display_name":"","author_link":"https:\/\/optionrewater.com\/ro\/author\/mariasworkingspacegmail-com\/"},"uagb_comment_info":0,"uagb_excerpt":"Ap\u0103 Pur\u0103 | Alegere Inteligent\u0103 | Viitor Sustenabil OPTI:ON este distribuitorul european oficial al RE:WATER, oferind ap\u0103 de izvor plat\u0103 \u0219i carbogazoas\u0103 \u00een sticle de aluminiu reutilizabile. Obiectivul nostru este s\u0103 facem hidratarea sustenabil\u0103 simpl\u0103 \u0219i accesibil\u0103 tuturor. Procesul Nostru \u00een 6 Pa\u0219i Inspirat de angajamentul RE:WATER pentru sustenabilitate, distribuit cu m\u00e2ndrie de OPTI:ON. De&hellip;","_links":{"self":[{"href":"https:\/\/optionrewater.com\/ro\/wp-json\/wp\/v2\/pages\/4097","targetHints":{"allow":["GET"]}}],"collection":[{"href":"https:\/\/optionrewater.com\/ro\/wp-json\/wp\/v2\/pages"}],"about":[{"href":"https:\/\/optionrewater.com\/ro\/wp-json\/wp\/v2\/types\/page"}],"author":[{"embeddable":true,"href":"https:\/\/optionrewater.com\/ro\/wp-json\/wp\/v2\/users\/1"}],"replies":[{"embeddable":true,"href":"https:\/\/optionrewater.com\/ro\/wp-json\/wp\/v2\/comments?post=4097"}],"version-history":[{"count":3,"href":"https:\/\/optionrewater.com\/ro\/wp-json\/wp\/v2\/pages\/4097\/revisions"}],"predecessor-version":[{"id":4108,"href":"https:\/\/optionrewater.com\/ro\/wp-json\/wp\/v2\/pages\/4097\/revisions\/4108"}],"wp:attachment":[{"href":"https:\/\/optionrewater.com\/ro\/wp-json\/wp\/v2\/media?parent=4097"}],"curies":[{"name":"wp","href":"https:\/\/api.w.org\/{rel}","templated":true}]}}