{"id":4084,"date":"2025-10-24T08:53:02","date_gmt":"2025-10-24T08:53:02","guid":{"rendered":"https:\/\/optionrewater.com\/sustenabilitate\/"},"modified":"2025-11-27T08:29:28","modified_gmt":"2025-11-27T08:29:28","slug":"sustenabilitate","status":"publish","type":"page","link":"https:\/\/optionrewater.com\/ro\/sustenabilitate\/","title":{"rendered":"Sustenabilitate"},"content":{"rendered":"\n<div class=\"wp-block-uagb-container uagb-block-a8606d6e alignfull uagb-is-root-container\"><div class=\"uagb-container-inner-blocks-wrap\">\n<div class=\"wp-block-group is-layout-constrained wp-block-group-is-layout-constrained\">\n<div class=\"wp-block-uagb-container uagb-block-4de8f4c3\">\n<div class=\"wp-block-uagb-advanced-heading uagb-block-4f1904b9\"><h2 class=\"uagb-heading-text\">\u00centotdeauna pentru Sustenabilitate<\/h2><\/div>\n<\/div>\n\n\n\n<div class=\"wp-block-uagb-container uagb-block-839ef32c alignfull uagb-is-root-container\"><div class=\"uagb-container-inner-blocks-wrap\">\n<div class=\"wp-block-uagb-advanced-heading uagb-block-335c1fe9\"><h6 class=\"uagb-heading-text\"> <strong>S\u0103 fim sustenabili \u00eempreun\u0103 \u2014 <\/strong><br><strong>alege\u021bi sticlele de aluminiu \u0219i <\/strong><br><strong>face\u021bi o diferen\u021b\u0103.<\/strong><br><\/h6><\/div>\n<\/div><\/div>\n<\/div>\n<\/div><\/div>\n\n\n\n<div class=\"wp-block-uagb-container uagb-block-ebeffa70 alignfull uagb-is-root-container\"><div class=\"uagb-container-inner-blocks-wrap\">\n<div class=\"wp-block-uagb-advanced-heading uagb-block-351c22b1\"><h2 class=\"uagb-heading-text\"><strong>\u00cempreun\u0103 pentru un Viitor Sustenabil<\/strong><\/h2><p class=\"uagb-desc-text\"><strong>OPTI:ON<\/strong> este m\u00e2ndru s\u0103 fie <strong>distribuitorul oficial al RE:WATER<\/strong> \u2014 primul brand de ap\u0103 din Marea Britanie \u00eembuteliat\u0103 \u00een sticle de aluminiu 100% reciclate \u0219i reciclabile. Ast\u0103zi, aducem aceast\u0103 solu\u021bie cu adev\u0103rat circular\u0103 afacerilor din \u00eentreaga Europ\u0103, ajut\u00e2nd brandurile s\u0103 adopte sustenabilitatea f\u0103r\u0103 compromisuri.<\/p><\/div>\n\n\n\n<div class=\"wp-block-uagb-container uagb-block-a85bf556\">\n<div class=\"wp-block-uagb-container uagb-block-0751e713\">\n<div class=\"wp-block-uagb-info-box uagb-block-d0505e23 uagb-infobox__content-wrap  uagb-infobox-icon-above-title uagb-infobox-image-valign-top wp-block-uagb-info-box--has-margin\"><div class=\"uagb-infobox-margin-wrapper\"><div class=\"uagb-ifb-content\"><div class=\"uagb-ifb-icon-wrap\"><svg xmlns=\"https:\/\/www.w3.org\/2000\/svg\" viewBox=\"0 0 512 512\"><path d=\"M490.3 40.4C512.2 62.27 512.2 97.73 490.3 119.6L460.3 149.7L362.3 51.72L392.4 21.66C414.3-.2135 449.7-.2135 471.6 21.66L490.3 40.4zM172.4 241.7L339.7 74.34L437.7 172.3L270.3 339.6C264.2 345.8 256.7 350.4 248.4 353.2L159.6 382.8C150.1 385.6 141.5 383.4 135 376.1C128.6 370.5 126.4 361 129.2 352.4L158.8 263.6C161.6 255.3 166.2 247.8 172.4 241.7V241.7zM192 63.1C209.7 63.1 224 78.33 224 95.1C224 113.7 209.7 127.1 192 127.1H96C78.33 127.1 64 142.3 64 159.1V416C64 433.7 78.33 448 96 448H352C369.7 448 384 433.7 384 416V319.1C384 302.3 398.3 287.1 416 287.1C433.7 287.1 448 302.3 448 319.1V416C448 469 405 512 352 512H96C42.98 512 0 469 0 416V159.1C0 106.1 42.98 63.1 96 63.1H192z\"><\/path><\/svg><\/div><div class=\"uagb-ifb-title-wrap\"><h4 class=\"uagb-ifb-title\"><strong>Problema<\/strong><\/h4><\/div><p class=\"uagb-ifb-desc\">Britanicii iubesc apa \u00eembuteliat\u0103, dar de\u0219eurile de plastic continu\u0103 s\u0103 d\u0103uneze planetei noastre.<\/p><\/div><\/div><\/div>\n<\/div>\n\n\n\n<div class=\"wp-block-uagb-container uagb-block-ab0afac0\">\n<div class=\"wp-block-uagb-info-box uagb-block-71635d1f uagb-infobox__content-wrap  uagb-infobox-icon-above-title uagb-infobox-image-valign-top wp-block-uagb-info-box--has-margin\"><div class=\"uagb-infobox-margin-wrapper\"><div class=\"uagb-ifb-content\"><div class=\"uagb-ifb-icon-wrap\"><svg xmlns=\"https:\/\/www.w3.org\/2000\/svg\" viewBox=\"0 0 384 512\"><path d=\"M381.2 172.8C377.1 164.9 368.9 160 360 160h-156.6l50.84-127.1c2.969-7.375 2.062-15.78-2.406-22.38S239.1 0 232 0h-176C43.97 0 33.81 8.906 32.22 20.84l-32 240C-.7179 267.7 1.376 274.6 5.938 279.8C10.5 285 17.09 288 24 288h146.3l-41.78 194.1c-2.406 11.22 3.469 22.56 14 27.09C145.6 511.4 148.8 512 152 512c7.719 0 15.22-3.75 19.81-10.44l208-304C384.8 190.2 385.4 180.7 381.2 172.8z\"><\/path><\/svg><\/div><div class=\"uagb-ifb-title-wrap\"><h4 class=\"uagb-ifb-title\"><strong><strong><strong>Ideea<\/strong><\/strong><\/strong><\/h4><\/div><p class=\"uagb-ifb-desc\">RE:WATER a petrecut trei ani dezvolt\u00e2nd o alternativ\u0103 cu adev\u0103rat sustenabil\u0103.<\/p><\/div><\/div><\/div>\n<\/div>\n\n\n\n<div class=\"wp-block-uagb-container uagb-block-0bfd07ac\">\n<div class=\"wp-block-uagb-info-box uagb-block-06bf2df8 uagb-infobox__content-wrap  uagb-infobox-icon-above-title uagb-infobox-image-valign-top\"><div class=\"uagb-ifb-content\"><div class=\"uagb-ifb-icon-wrap\"><svg xmlns=\"https:\/\/www.w3.org\/2000\/svg\" viewBox=\"0 0 384 512\"><path d=\"M112.1 454.3c0 6.297 1.816 12.44 5.284 17.69l17.14 25.69c5.25 7.875 17.17 14.28 26.64 14.28h61.67c9.438 0 21.36-6.401 26.61-14.28l17.08-25.68c2.938-4.438 5.348-12.37 5.348-17.7L272 415.1h-160L112.1 454.3zM191.4 .0132C89.44 .3257 16 82.97 16 175.1c0 44.38 16.44 84.84 43.56 115.8c16.53 18.84 42.34 58.23 52.22 91.45c.0313 .25 .0938 .5166 .125 .7823h160.2c.0313-.2656 .0938-.5166 .125-.7823c9.875-33.22 35.69-72.61 52.22-91.45C351.6 260.8 368 220.4 368 175.1C368 78.61 288.9-.2837 191.4 .0132zM192 96.01c-44.13 0-80 35.89-80 79.1C112 184.8 104.8 192 96 192S80 184.8 80 176c0-61.76 50.25-111.1 112-111.1c8.844 0 16 7.159 16 16S200.8 96.01 192 96.01z\"><\/path><\/svg><\/div><div class=\"uagb-ifb-title-wrap\"><h4 class=\"uagb-ifb-title\"><br><strong>Solu\u021bia<\/strong><\/h4><\/div><p class=\"uagb-ifb-desc\">Sticle de aluminiu 100% reciclate &#8211; infinit reciclabile, u\u0219oare \u0219i resigilabile.<\/p><\/div><\/div>\n<\/div>\n\n\n\n<div class=\"wp-block-uagb-container uagb-block-7d7e96cf\">\n<div class=\"wp-block-uagb-info-box uagb-block-38d90ddf uagb-infobox__content-wrap  uagb-infobox-icon-above-title uagb-infobox-image-valign-top\"><div class=\"uagb-ifb-content\"><div class=\"uagb-ifb-icon-wrap\"><svg xmlns=\"https:\/\/www.w3.org\/2000\/svg\" viewBox=\"0 0 512 512\"><path d=\"M511.6 36.86l-64 415.1c-1.5 9.734-7.375 18.22-15.97 23.05c-4.844 2.719-10.27 4.097-15.68 4.097c-4.188 0-8.319-.8154-12.29-2.472l-122.6-51.1l-50.86 76.29C226.3 508.5 219.8 512 212.8 512C201.3 512 192 502.7 192 491.2v-96.18c0-7.115 2.372-14.03 6.742-19.64L416 96l-293.7 264.3L19.69 317.5C8.438 312.8 .8125 302.2 .0625 289.1s5.469-23.72 16.06-29.77l448-255.1c10.69-6.109 23.88-5.547 34 1.406S513.5 24.72 511.6 36.86z\"><\/path><\/svg><\/div><div class=\"uagb-ifb-title-wrap\"><h4 class=\"uagb-ifb-title\"><strong><strong><strong>Impactul<\/strong><\/strong><\/strong><\/h4><\/div><p class=\"uagb-ifb-desc\">Emisii mai reduse de CO\u2082 \u0219i un pas real c\u0103tre eliminarea plasticului de unic\u0103 folosin\u021b\u0103.<\/p><\/div><\/div>\n<\/div>\n\n\n\n<div class=\"wp-block-uagb-container uagb-block-89b5033f\">\n<div class=\"wp-block-uagb-info-box uagb-block-990bfb63 uagb-infobox__content-wrap  uagb-infobox-icon-above-title uagb-infobox-image-valign-top\"><div class=\"uagb-ifb-content\"><div class=\"uagb-ifb-icon-wrap\"><svg xmlns=\"https:\/\/www.w3.org\/2000\/svg\" viewBox=\"0 0 320 512\"><path d=\"M224 0C237.3-.0003 248 10.74 248 23.1C248 37.25 237.3 47.1 224 48L216 48V140.9C258.6 161.6 288 205.4 288 256V448C288 483.3 259.3 512 224 512H96C60.65 512 32 483.3 32 448V256C32 205.4 61.37 161.6 104 140.9V48L96 48C82.75 48 72 37.26 72 24C71.1 10.75 82.74 .0045 95.1 .0042L224 0zM160 384C186.5 384 208 368 208 336C208 304 160 256 160 256C160 256 112 304 112 336C112 362.5 133.5 384 160 384z\"><\/path><\/svg><\/div><div class=\"uagb-ifb-title-wrap\"><h4 class=\"uagb-ifb-title\"><strong><strong><strong><strong>Produsul<\/strong><\/strong><\/strong><\/strong><\/h4><\/div><p class=\"uagb-ifb-desc\">Ap\u0103 de izvor britanic\u0103 pur\u0103, ob\u021binut\u0103 \u00een mod sustenabil \u2014 plat\u0103 sau carbogazoas\u0103.<\/p><\/div><\/div>\n<\/div>\n\n\n\n<div class=\"wp-block-uagb-container uagb-block-5224b7dd\">\n<div class=\"wp-block-uagb-info-box uagb-block-797b5a73 uagb-infobox__content-wrap  uagb-infobox-icon-above-title uagb-infobox-image-valign-top\"><div class=\"uagb-ifb-content\"><div class=\"uagb-ifb-icon-wrap\"><svg xmlns=\"https:\/\/www.w3.org\/2000\/svg\" viewBox=\"0 0 512 512\"><path d=\"M256 0C114.6 0 0 114.6 0 256s114.6 256 256 256s256-114.6 256-256S397.4 0 256 0zM256 128c39.77 0 72 32.24 72 72S295.8 272 256 272c-39.76 0-72-32.24-72-72S216.2 128 256 128zM256 448c-52.93 0-100.9-21.53-135.7-56.29C136.5 349.9 176.5 320 224 320h64c47.54 0 87.54 29.88 103.7 71.71C356.9 426.5 308.9 448 256 448z\"><\/path><\/svg><\/div><div class=\"uagb-ifb-title-wrap\"><h4 class=\"uagb-ifb-title\"><strong>Rolul nostru<\/strong><\/h4><\/div><p class=\"uagb-ifb-desc\">\u00cen calitate de distribuitor oficial, OPTI:ON aduce cu m\u00e2ndrie RE:WATER afacerilor din \u00eentreaga Europ\u0103.<\/p><\/div><\/div>\n<\/div>\n<\/div>\n\n\n\n<div style=\"height:21px\" aria-hidden=\"true\" class=\"wp-block-spacer\"><\/div>\n<\/div><\/div>\n\n\n\n<div class=\"wp-block-uagb-container uagb-block-4c8c5d96 alignfull uagb-is-root-container\"><div class=\"uagb-container-inner-blocks-wrap\">\n<div class=\"wp-block-uagb-advanced-heading uagb-block-2ea08763\"><h2 class=\"uagb-heading-text\">DE CE OPTI:ON?<\/h2><p class=\"uagb-desc-text\"><strong>OPTI:ON <\/strong>este <strong>distribuitorul oficial al RE:WATER<\/strong> \u2014 primul brand de ap\u0103 \u00eembuteliat\u0103 din lume \u00een sticle de aluminiu 100% reciclate \u0219i reciclabile. \u00cempreun\u0103, oferim o solu\u021bie de hidratare sustenabil\u0103, resigilabil\u0103 \u0219i complet circular\u0103 pentru clien\u021bii din \u00eentreaga Europ\u0103. <\/p><\/div>\n\n\n\n<div style=\"height:21px\" aria-hidden=\"true\" class=\"wp-block-spacer\"><\/div>\n\n\n\n<div class=\"wp-block-uagb-container uagb-block-0c228191 alignfull uagb-is-root-container\"><div class=\"uagb-container-inner-blocks-wrap\">\n<div class=\"wp-block-uagb-container uagb-block-034ea77f\">\n<div class=\"wp-block-uagb-image aligncenter uagb-block-82e5896c wp-block-uagb-image--layout-default wp-block-uagb-image--effect-static wp-block-uagb-image--align-center\"><figure class=\"wp-block-uagb-image__figure\"><img loading=\"lazy\" decoding=\"async\" srcset=\"https:\/\/optionrewater.com\/wp-content\/uploads\/2025\/10\/National-trust-logo-300x120.jpeg ,https:\/\/optionrewater.com\/wp-content\/uploads\/2025\/10\/National-trust-logo.jpeg 780w, https:\/\/optionrewater.com\/wp-content\/uploads\/2025\/10\/National-trust-logo-150x150.jpeg 360w\" sizes=\"auto, (max-width: 480px) 150px\" src=\"https:\/\/optionrewater.com\/wp-content\/uploads\/2025\/10\/National-trust-logo-300x120.jpeg\" alt=\"national trust logo\" class=\"uag-image-3511\" width=\"300\" height=\"120\" title=\"national trust logo\" loading=\"lazy\" role=\"img\"\/><\/figure><\/div>\n<\/div>\n\n\n\n<div class=\"wp-block-uagb-container uagb-block-adbbea1b\">\n<div class=\"wp-block-uagb-image aligncenter uagb-block-2ae396f3 wp-block-uagb-image--layout-default wp-block-uagb-image--effect-static wp-block-uagb-image--align-center\"><figure class=\"wp-block-uagb-image__figure\"><img loading=\"lazy\" decoding=\"async\" srcset=\"https:\/\/optionrewater.com\/wp-content\/uploads\/2025\/10\/tumblr_inline_pjzu6ceTkX1qhgy42_500-150x150.jpg ,https:\/\/optionrewater.com\/wp-content\/uploads\/2025\/10\/tumblr_inline_pjzu6ceTkX1qhgy42_500.jpg 780w, https:\/\/optionrewater.com\/wp-content\/uploads\/2025\/10\/tumblr_inline_pjzu6ceTkX1qhgy42_500.jpg 360w\" sizes=\"auto, (max-width: 480px) 150px\" src=\"https:\/\/optionrewater.com\/wp-content\/uploads\/2025\/10\/tumblr_inline_pjzu6ceTkX1qhgy42_500-150x150.jpg\" alt=\"tumblr inline pjzu6cetkx1qhgy42 500\" class=\"uag-image-3509\" width=\"78\" height=\"78\" title=\"tumblr inline pjzu6cetkx1qhgy42 500\" loading=\"lazy\" role=\"img\"\/><\/figure><\/div>\n<\/div>\n\n\n\n<div class=\"wp-block-uagb-container uagb-block-4587cb35\">\n<div class=\"wp-block-uagb-image aligncenter uagb-block-f0d95874 wp-block-uagb-image--layout-default wp-block-uagb-image--effect-static wp-block-uagb-image--align-center\"><figure class=\"wp-block-uagb-image__figure\"><img loading=\"lazy\" decoding=\"async\" srcset=\"https:\/\/optionrewater.com\/wp-content\/uploads\/2025\/10\/MCC_Lords_Logo_Pos_Horizontal_CMYK-300x95.jpg ,https:\/\/optionrewater.com\/wp-content\/uploads\/2025\/10\/MCC_Lords_Logo_Pos_Horizontal_CMYK.jpg 780w, https:\/\/optionrewater.com\/wp-content\/uploads\/2025\/10\/MCC_Lords_Logo_Pos_Horizontal_CMYK.jpg 360w\" sizes=\"auto, (max-width: 480px) 150px\" src=\"https:\/\/optionrewater.com\/wp-content\/uploads\/2025\/10\/MCC_Lords_Logo_Pos_Horizontal_CMYK-300x95.jpg\" alt=\"mcc lords logo pos horizontal cmyk\" class=\"uag-image-3504\" width=\"262\" height=\"83\" title=\"mcc lords logo pos horizontal cmyk\" loading=\"lazy\" role=\"img\"\/><\/figure><\/div>\n<\/div>\n\n\n\n<div class=\"wp-block-uagb-container uagb-block-2e408ff7\">\n<div class=\"wp-block-uagb-image aligncenter uagb-block-8449d117 wp-block-uagb-image--layout-default wp-block-uagb-image--effect-static wp-block-uagb-image--align-center\"><figure class=\"wp-block-uagb-image__figure\"><img loading=\"lazy\" decoding=\"async\" srcset=\"https:\/\/optionrewater.com\/wp-content\/uploads\/2025\/11\/Pret_A_Manger_logo_new.jpg ,https:\/\/optionrewater.com\/wp-content\/uploads\/2025\/11\/Pret_A_Manger_logo_new.jpg 780w, https:\/\/optionrewater.com\/wp-content\/uploads\/2025\/11\/Pret_A_Manger_logo_new.jpg 360w\" sizes=\"auto, (max-width: 480px) 150px\" src=\"https:\/\/optionrewater.com\/wp-content\/uploads\/2025\/11\/Pret_A_Manger_logo_new.jpg\" alt=\"pret a manger logo new\" class=\"uag-image-3926\" width=\"209\" height=\"67\" title=\"pret a manger logo new\" loading=\"lazy\" role=\"img\"\/><\/figure><\/div>\n<\/div>\n<\/div><\/div>\n<\/div><\/div>\n\n\n\n<div class=\"wp-block-uagb-container uagb-block-688c973c alignfull uagb-is-root-container\"><div class=\"uagb-container-inner-blocks-wrap\">\n<div class=\"wp-block-uagb-container uagb-layout-grid uagb-block-7c3671d3\">\n<div class=\"wp-block-uagb-advanced-heading uagb-block-12865cae\"><h3 class=\"uagb-heading-text\">Sunte\u021bi gata s\u0103 trece\u021bi la hidratarea sustenabil\u0103?<\/h3><p class=\"uagb-desc-text\">Al\u0103tura\u021bi-v\u0103 nou\u0103 \u00een aducerea RE:WATER \u00een toat\u0103 Europa \u2014 pentru cafeneaua, biroul, evenimentul sau spa\u021biul dumneavoastr\u0103 de retail. Fiecare reutilizare contribuie la reducerea plasticului \u0219i la construirea unui viitor mai sustenabil.<\/p><\/div>\n\n\n\n<div class=\"wp-block-uagb-buttons uagb-buttons__outer-wrap uagb-btn__default-btn uagb-btn-tablet__default-btn uagb-btn-mobile__default-btn uagb-block-bd3036e5\"><div class=\"uagb-buttons__wrap uagb-buttons-layout-wrap \">\n<div class=\"wp-block-uagb-buttons-child uagb-buttons__outer-wrap uagb-block-d862191c wp-block-button\"><div class=\"uagb-button__wrapper\"><a class=\"uagb-buttons-repeater wp-block-button__link\" aria-label=\"\" href=\"https:\/\/optionrewater.com\/contact\/\" rel=\"follow noopener\" target=\"_self\" role=\"button\"><div class=\"uagb-button__link\">Get a quote<\/div><\/a><\/div><\/div>\n<\/div><\/div>\n<\/div>\n<\/div><\/div>\n\n\n\n<div class=\"wp-block-uagb-container uagb-block-73d49adb alignfull uagb-is-root-container\"><div class=\"uagb-container-inner-blocks-wrap\"><\/div><\/div>\n\n\n\n<p><\/p>\n","protected":false},"excerpt":{"rendered":"<p>\u00centotdeauna pentru Sustenabilitate S\u0103 fim sustenabili \u00eempreun\u0103 \u2014 alege\u021bi sticlele de aluminiu \u0219i face\u021bi o diferen\u021b\u0103. \u00cempreun\u0103 pentru un Viitor Sustenabil OPTI:ON este m\u00e2ndru s\u0103 fie distribuitorul oficial al RE:WATER \u2014 primul brand de ap\u0103 din Marea Britanie \u00eembuteliat\u0103 \u00een sticle de aluminiu 100% reciclate \u0219i reciclabile. Ast\u0103zi, aducem aceast\u0103 solu\u021bie cu adev\u0103rat circular\u0103 afacerilor [&hellip;]<\/p>\n","protected":false},"author":1,"featured_media":0,"parent":0,"menu_order":0,"comment_status":"closed","ping_status":"closed","template":"","meta":{"_uag_custom_page_level_css":"","site-sidebar-layout":"no-sidebar","site-content-layout":"page-builder","ast-site-content-layout":"full-width-container","site-content-style":"unboxed","site-sidebar-style":"unboxed","ast-global-header-display":"","ast-banner-title-visibility":"","ast-main-header-display":"","ast-hfb-above-header-display":"","ast-hfb-below-header-display":"","ast-hfb-mobile-header-display":"","site-post-title":"disabled","ast-breadcrumbs-content":"","ast-featured-img":"disabled","footer-sml-layout":"","theme-transparent-header-meta":"enabled","adv-header-id-meta":"","stick-header-meta":"","header-above-stick-meta":"","header-main-stick-meta":"","header-below-stick-meta":"","astra-migrate-meta-layouts":"set","ast-page-background-enabled":"default","ast-page-background-meta":{"desktop":{"background-color":"","background-image":"","background-repeat":"repeat","background-position":"center center","background-size":"auto","background-attachment":"scroll","background-type":"","background-media":"","overlay-type":"","overlay-color":"","overlay-opacity":"","overlay-gradient":""},"tablet":{"background-color":"","background-image":"","background-repeat":"repeat","background-position":"center center","background-size":"auto","background-attachment":"scroll","background-type":"","background-media":"","overlay-type":"","overlay-color":"","overlay-opacity":"","overlay-gradient":""},"mobile":{"background-color":"","background-image":"","background-repeat":"repeat","background-position":"center center","background-size":"auto","background-attachment":"scroll","background-type":"","background-media":"","overlay-type":"","overlay-color":"","overlay-opacity":"","overlay-gradient":""}},"ast-content-background-meta":{"desktop":{"background-color":"var(--ast-global-color-5)","background-image":"","background-repeat":"repeat","background-position":"center center","background-size":"auto","background-attachment":"scroll","background-type":"","background-media":"","overlay-type":"","overlay-color":"","overlay-opacity":"","overlay-gradient":""},"tablet":{"background-color":"var(--ast-global-color-5)","background-image":"","background-repeat":"repeat","background-position":"center center","background-size":"auto","background-attachment":"scroll","background-type":"","background-media":"","overlay-type":"","overlay-color":"","overlay-opacity":"","overlay-gradient":""},"mobile":{"background-color":"var(--ast-global-color-5)","background-image":"","background-repeat":"repeat","background-position":"center center","background-size":"auto","background-attachment":"scroll","background-type":"","background-media":"","overlay-type":"","overlay-color":"","overlay-opacity":"","overlay-gradient":""}},"footnotes":""},"class_list":["post-4084","page","type-page","status-publish","hentry"],"aioseo_notices":[],"_hostinger_reach_plugin_has_subscription_block":false,"_hostinger_reach_plugin_is_elementor":false,"uagb_featured_image_src":{"full":false,"thumbnail":false,"medium":false,"medium_large":false,"large":false,"1536x1536":false,"2048x2048":false,"woocommerce_thumbnail":false,"woocommerce_single":false,"woocommerce_gallery_thumbnail":false},"uagb_author_info":{"display_name":"","author_link":"https:\/\/optionrewater.com\/ro\/author\/mariasworkingspacegmail-com\/"},"uagb_comment_info":0,"uagb_excerpt":"\u00centotdeauna pentru Sustenabilitate S\u0103 fim sustenabili \u00eempreun\u0103 \u2014 alege\u021bi sticlele de aluminiu \u0219i face\u021bi o diferen\u021b\u0103. \u00cempreun\u0103 pentru un Viitor Sustenabil OPTI:ON este m\u00e2ndru s\u0103 fie distribuitorul oficial al RE:WATER \u2014 primul brand de ap\u0103 din Marea Britanie \u00eembuteliat\u0103 \u00een sticle de aluminiu 100% reciclate \u0219i reciclabile. Ast\u0103zi, aducem aceast\u0103 solu\u021bie cu adev\u0103rat circular\u0103 afacerilor&hellip;","_links":{"self":[{"href":"https:\/\/optionrewater.com\/ro\/wp-json\/wp\/v2\/pages\/4084","targetHints":{"allow":["GET"]}}],"collection":[{"href":"https:\/\/optionrewater.com\/ro\/wp-json\/wp\/v2\/pages"}],"about":[{"href":"https:\/\/optionrewater.com\/ro\/wp-json\/wp\/v2\/types\/page"}],"author":[{"embeddable":true,"href":"https:\/\/optionrewater.com\/ro\/wp-json\/wp\/v2\/users\/1"}],"replies":[{"embeddable":true,"href":"https:\/\/optionrewater.com\/ro\/wp-json\/wp\/v2\/comments?post=4084"}],"version-history":[{"count":2,"href":"https:\/\/optionrewater.com\/ro\/wp-json\/wp\/v2\/pages\/4084\/revisions"}],"predecessor-version":[{"id":4125,"href":"https:\/\/optionrewater.com\/ro\/wp-json\/wp\/v2\/pages\/4084\/revisions\/4125"}],"wp:attachment":[{"href":"https:\/\/optionrewater.com\/ro\/wp-json\/wp\/v2\/media?parent=4084"}],"curies":[{"name":"wp","href":"https:\/\/api.w.org\/{rel}","templated":true}]}}