{"id":4082,"date":"2025-11-04T12:48:44","date_gmt":"2025-11-04T12:48:44","guid":{"rendered":"https:\/\/optionrewater.com\/sticla-noastra\/"},"modified":"2025-11-27T09:29:55","modified_gmt":"2025-11-27T09:29:55","slug":"sticla-noastra","status":"publish","type":"page","link":"https:\/\/optionrewater.com\/ro\/sticla-noastra\/","title":{"rendered":"Sticla Noastr\u0103"},"content":{"rendered":"\n<div class=\"wp-block-uagb-container uagb-block-a8606d6e alignfull uagb-is-root-container\"><div class=\"uagb-container-inner-blocks-wrap\">\n<div class=\"wp-block-uagb-container uagb-block-ebbb72f1\">\n<div class=\"wp-block-uagb-advanced-heading uagb-block-4f1904b9\"><h6 class=\"uagb-heading-text\">sunte\u021bi gata pentru<br>prima \u00eenghi\u021bitur\u0103?<\/h6><\/div>\n\n\n\n<div class=\"wp-block-uagb-buttons uagb-buttons__outer-wrap uagb-btn__default-btn uagb-btn-tablet__default-btn uagb-btn-mobile__default-btn uagb-block-b1add7a9\"><div class=\"uagb-buttons__wrap uagb-buttons-layout-wrap \">\n<div class=\"wp-block-uagb-buttons-child uagb-buttons__outer-wrap uagb-block-c04659bc wp-block-button\"><div class=\"uagb-button__wrapper\"><a class=\"uagb-buttons-repeater wp-block-button__link\" aria-label=\"\" href=\"#\" rel=\"follow noopener\" target=\"_self\" role=\"button\"><div class=\"uagb-button__link\">Cump\u0103r\u0103<\/div><\/a><\/div><\/div>\n\n\n\n<div class=\"wp-block-uagb-buttons-child uagb-buttons__outer-wrap uagb-block-75ccf851 wp-block-button\"><div class=\"uagb-button__wrapper\"><a class=\"uagb-buttons-repeater wp-block-button__link\" aria-label=\"\" href=\"https:\/\/optionrewater.com\/trade-aluminium-bottles\/\" rel=\"follow noopener\" target=\"_self\" role=\"button\"><div class=\"uagb-button__link\">Parteneriat<\/div><\/a><\/div><\/div>\n<\/div><\/div>\n<\/div>\n<\/div><\/div>\n\n\n\n<div class=\"wp-block-uagb-container uagb-block-ebeffa70 alignfull uagb-is-root-container\"><div class=\"uagb-container-inner-blocks-wrap\">\n<div class=\"wp-block-uagb-advanced-heading uagb-block-51c5b5ec\"><h2 class=\"uagb-heading-text\"><strong>DE CE STICLA NOASTR\u0102?<\/strong><\/h2><\/div>\n\n\n\n<div class=\"wp-block-uagb-container uagb-block-a85bf556\">\n<div class=\"wp-block-columns is-layout-flex wp-container-core-columns-is-layout-28f84493 wp-block-columns-is-layout-flex\">\n<div class=\"wp-block-column is-layout-flow wp-block-column-is-layout-flow\">\n<div class=\"wp-block-uagb-container uagb-block-9eb00551\">\n<div class=\"wp-block-uagb-info-box uagb-block-d0505e23 uagb-infobox__content-wrap  uagb-infobox-icon-left-title uagb-infobox-left uagb-infobox-image-valign-top wp-block-uagb-info-box--has-margin\"><div class=\"uagb-infobox-margin-wrapper\"><div class=\"uagb-ifb-content\"><div class=\"uagb-ifb-left-title-image\"><div class=\"uagb-ifb-icon-wrap\"><svg xmlns=\"https:\/\/www.w3.org\/2000\/svg\" viewBox=\"0 0 320 512\"><path d=\"M224 0C237.3-.0003 248 10.74 248 23.1C248 37.25 237.3 47.1 224 48L216 48V140.9C258.6 161.6 288 205.4 288 256V448C288 483.3 259.3 512 224 512H96C60.65 512 32 483.3 32 448V256C32 205.4 61.37 161.6 104 140.9V48L96 48C82.75 48 72 37.26 72 24C71.1 10.75 82.74 .0045 95.1 .0042L224 0zM160 384C186.5 384 208 368 208 336C208 304 160 256 160 256C160 256 112 304 112 336C112 362.5 133.5 384 160 384z\"><\/path><\/svg><\/div><div class=\"uagb-ifb-title-wrap\"><h4 class=\"uagb-ifb-title\"><strong>Aluminiu 100% Reciclat<\/strong><\/h4><\/div><\/div><p class=\"uagb-ifb-desc\">Fabricat\u0103 \u00een \u00eentregime din aluminiu reciclat, economisind p\u00e2n\u0103 la 95% din energia necesar\u0103 pentru producerea aluminiului nou.<\/p><\/div><\/div><\/div>\n<\/div>\n\n\n\n<div class=\"wp-block-uagb-container uagb-block-58f6580d\">\n<div class=\"wp-block-uagb-info-box uagb-block-23d576ac uagb-infobox__content-wrap  uagb-infobox-icon-left-title uagb-infobox-left uagb-infobox-image-valign-top wp-block-uagb-info-box--has-margin\"><div class=\"uagb-infobox-margin-wrapper\"><div class=\"uagb-ifb-content\"><div class=\"uagb-ifb-left-title-image\"><div class=\"uagb-ifb-icon-wrap\"><svg xmlns=\"https:\/\/www.w3.org\/2000\/svg\" viewBox=\"0 0 512 512\"><path d=\"M510.3 445.9L437.3 153.8C433.5 138.5 420.8 128 406.4 128H346.1c3.625-9.1 5.875-20.75 5.875-32c0-53-42.1-96-96-96S159.1 43 159.1 96c0 11.25 2.25 22 5.875 32H105.6c-14.38 0-27.13 10.5-30.88 25.75l-73.01 292.1C-6.641 479.1 16.36 512 47.99 512h416C495.6 512 518.6 479.1 510.3 445.9zM256 128C238.4 128 223.1 113.6 223.1 96S238.4 64 256 64c17.63 0 32 14.38 32 32S273.6 128 256 128z\"><\/path><\/svg><\/div><div class=\"uagb-ifb-title-wrap\"><h4 class=\"uagb-ifb-title\"><strong>U\u0219oar\u0103<\/strong><\/h4><\/div><\/div><p class=\"uagb-ifb-desc\">Rezistent\u0103 dar u\u0219oar\u0103 (doar 60 de grame), ajut\u00e2nd la reducerea emisiilor de CO\u2082 \u00een timpul transportului.<\/p><\/div><\/div><\/div>\n<\/div>\n\n\n\n<div class=\"wp-block-uagb-container uagb-block-ef5c6dde\">\n<div class=\"wp-block-uagb-info-box uagb-block-f9e6f50e uagb-infobox__content-wrap  uagb-infobox-icon-left-title uagb-infobox-left uagb-infobox-image-valign-top\"><div class=\"uagb-ifb-content\"><div class=\"uagb-ifb-left-title-image\"><div class=\"uagb-ifb-icon-wrap\"><svg xmlns=\"https:\/\/www.w3.org\/2000\/svg\" viewBox=\"0 0 384 512\"><path d=\"M384 319.1C384 425.9 297.9 512 192 512s-192-86.13-192-192c0-58.67 27.82-106.8 54.57-134.1C69.54 169.3 96 179.8 96 201.5v85.5c0 35.17 27.97 64.5 63.16 64.94C194.9 352.5 224 323.6 224 288c0-88-175.1-96.12-52.15-277.2c13.5-19.72 44.15-10.77 44.15 13.03C215.1 127 384 149.7 384 319.1z\"><\/path><\/svg><\/div><div class=\"uagb-ifb-title-wrap\"><h4 class=\"uagb-ifb-title\"><strong><strong>Strat Interior f\u0103r\u0103 BPA<\/strong><\/strong><\/h4><\/div><\/div><p class=\"uagb-ifb-desc\">Creeaz\u0103 o barier\u0103 sigur\u0103 \u00eentre ap\u0103 \u0219i aluminiu, men\u021bin\u00e2nd puritatea f\u0103r\u0103 a compromite reciclabilitatea.<br><\/p><\/div><\/div>\n<\/div>\n<\/div>\n\n\n\n<div class=\"wp-block-column is-vertically-aligned-center is-layout-constrained wp-block-column-is-layout-constrained\">\n<div class=\"wp-block-uagb-image uagb-block-ed773beb wp-block-uagb-image--layout-default wp-block-uagb-image--effect-static wp-block-uagb-image--align-none\"><figure class=\"wp-block-uagb-image__figure\"><img loading=\"lazy\" decoding=\"async\" srcset=\"https:\/\/optionrewater.com\/wp-content\/uploads\/2025\/10\/figure-eco-bottle.ffc563-718x1024.png ,https:\/\/optionrewater.com\/wp-content\/uploads\/2025\/10\/figure-eco-bottle.ffc563.png 780w, https:\/\/optionrewater.com\/wp-content\/uploads\/2025\/10\/figure-eco-bottle.ffc563.png 360w\" sizes=\"auto, (max-width: 480px) 150px\" src=\"https:\/\/optionrewater.com\/wp-content\/uploads\/2025\/10\/figure-eco-bottle.ffc563-718x1024.png\" alt=\"figure eco bottle.ffc563\" class=\"uag-image-3645\" width=\"718\" height=\"1024\" title=\"figure eco bottle.ffc563\" loading=\"lazy\" role=\"img\"\/><\/figure><\/div>\n<\/div>\n\n\n\n<div class=\"wp-block-column is-layout-flow wp-block-column-is-layout-flow\">\n<div class=\"wp-block-uagb-container uagb-block-302b8769\">\n<div class=\"wp-block-uagb-info-box uagb-block-9f0e3c33 uagb-infobox__content-wrap  uagb-infobox-icon-left-title uagb-infobox-left uagb-infobox-image-valign-top wp-block-uagb-info-box--has-margin\"><div class=\"uagb-infobox-margin-wrapper\"><div class=\"uagb-ifb-content\"><div class=\"uagb-ifb-left-title-image\"><div class=\"uagb-ifb-icon-wrap\"><svg xmlns=\"https:\/\/www.w3.org\/2000\/svg\" viewBox=\"0 0 512 512\"><path d=\"M507.3 72.57l-67.88-67.88c-6.252-6.25-16.38-6.25-22.63 0l-22.63 22.62c-6.25 6.254-6.251 16.38-.0006 22.63l-76.63 76.63c-46.63-19.75-102.4-10.75-140.4 27.25l-158.4 158.4c-25 25-25 65.51 0 90.51l90.51 90.52c25 25 65.51 25 90.51 0l158.4-158.4c38-38 47-93.76 27.25-140.4l76.63-76.63c6.25 6.25 16.5 6.25 22.75 0l22.63-22.63C513.5 88.95 513.5 78.82 507.3 72.57zM179.3 423.2l-90.51-90.51l122-122l90.51 90.52L179.3 423.2z\"><\/path><\/svg><\/div><div class=\"uagb-ifb-title-wrap\"><h4 class=\"uagb-ifb-title\"><strong><strong><strong>Capac din Aluminiu<\/strong><\/strong><\/strong><\/h4><\/div><\/div><p class=\"uagb-ifb-desc\">Proiectat pentru resigil\u0103ri infinite \u0219i fabricat din materiale complet reciclabile.<\/p><\/div><\/div><\/div>\n<\/div>\n\n\n\n<div class=\"wp-block-uagb-container uagb-block-a81c72c6\">\n<div class=\"wp-block-uagb-info-box uagb-block-fda0ca80 uagb-infobox__content-wrap  uagb-infobox-icon-left-title uagb-infobox-left uagb-infobox-image-valign-top wp-block-uagb-info-box--has-margin\"><div class=\"uagb-infobox-margin-wrapper\"><div class=\"uagb-ifb-content\"><div class=\"uagb-ifb-left-title-image\"><div class=\"uagb-ifb-icon-wrap\"><svg xmlns=\"https:\/\/www.w3.org\/2000\/svg\" viewBox=\"0 0 576 512\"><path d=\"M549.8 237.5c-31.23-5.719-46.84-20.06-47.13-20.31C490.4 205 470.3 205.1 457.7 216.8c-1 .9375-25.14 23-73.73 23s-72.73-22.06-73.38-22.62C298.4 204.9 278.3 205.1 265.7 216.8c-1 .9375-25.14 23-73.73 23S119.3 217.8 118.6 217.2C106.4 204.9 86.35 205 73.74 216.9C73.09 217.4 57.48 231.8 26.24 237.5c-17.38 3.188-28.89 19.84-25.72 37.22c3.188 17.38 19.78 29.09 37.25 25.72C63.1 295.8 82.49 287.1 95.96 279.2c19.5 11.53 51.47 24.68 96.04 24.68c44.55 0 76.49-13.12 96-24.65c19.52 11.53 51.45 24.59 96 24.59c44.58 0 76.55-13.09 96.05-24.62c13.47 7.938 32.86 16.62 58.19 21.25c17.56 3.375 34.06-8.344 37.25-25.72C578.7 257.4 567.2 240.7 549.8 237.5zM549.8 381.7c-31.23-5.719-46.84-20.06-47.13-20.31c-12.22-12.19-32.31-12.12-44.91-.375C456.7 361.9 432.6 384 384 384s-72.73-22.06-73.38-22.62c-12.22-12.25-32.3-12.12-44.89-.375C264.7 361.9 240.6 384 192 384s-72.73-22.06-73.38-22.62c-12.22-12.25-32.28-12.16-44.89-.3438c-.6562 .5938-16.27 14.94-47.5 20.66c-17.38 3.188-28.89 19.84-25.72 37.22C3.713 436.3 20.31 448 37.78 444.6C63.1 440 82.49 431.3 95.96 423.4c19.5 11.53 51.51 24.62 96.08 24.62c44.55 0 76.45-13.06 95.96-24.59C307.5 434.9 339.5 448 384.1 448c44.58 0 76.5-13.09 95.1-24.62c13.47 7.938 32.86 16.62 58.19 21.25C555.8 448 572.3 436.3 575.5 418.9C578.7 401.5 567.2 384.9 549.8 381.7zM37.78 156.4c25.33-4.625 44.72-13.31 58.19-21.25c19.5 11.53 51.47 24.68 96.04 24.68c44.55 0 76.49-13.12 96-24.65c19.52 11.53 51.45 24.59 96 24.59c44.58 0 76.55-13.09 96.05-24.62c13.47 7.938 32.86 16.62 58.19 21.25c17.56 3.375 34.06-8.344 37.25-25.72c3.172-17.38-8.344-34.03-25.72-37.22c-31.23-5.719-46.84-20.06-47.13-20.31c-12.22-12.19-32.31-12.12-44.91-.375c-1 .9375-25.14 23-73.73 23s-72.73-22.06-73.38-22.62c-12.22-12.25-32.3-12.12-44.89-.375c-1 .9375-25.14 23-73.73 23S119.3 73.76 118.6 73.2C106.4 60.95 86.35 61.04 73.74 72.85C73.09 73.45 57.48 87.79 26.24 93.51c-17.38 3.188-28.89 19.84-25.72 37.22C3.713 148.1 20.31 159.8 37.78 156.4z\"><\/path><\/svg><\/div><div class=\"uagb-ifb-title-wrap\"><h4 class=\"uagb-ifb-title\"><strong><strong><strong><strong>Ap\u0103 Pur\u0103 de Izvor Britanic\u0103<\/strong><\/strong><\/strong><\/strong><\/h4><\/div><\/div><p class=\"uagb-ifb-desc\">\u00cembuteliat\u0103 la surs\u0103, \u00een mediul natural protejat din Regatul Unit.<\/p><\/div><\/div><\/div>\n<\/div>\n\n\n\n<div class=\"wp-block-uagb-container uagb-block-57012f2a\">\n<div class=\"wp-block-uagb-info-box uagb-block-2e1aa42f uagb-infobox__content-wrap  uagb-infobox-icon-left-title uagb-infobox-left uagb-infobox-image-valign-top\"><div class=\"uagb-ifb-content\"><div class=\"uagb-ifb-left-title-image\"><div class=\"uagb-ifb-icon-wrap\"><svg xmlns=\"https:\/\/www.w3.org\/2000\/svg\" viewBox=\"0 0 512 512\"><path d=\"M480 256c-17.67 0-32 14.31-32 32c0 52.94-43.06 96-96 96H192L192 344c0-9.469-5.578-18.06-14.23-21.94C169.1 318.3 159 319.8 151.9 326.2l-80 72C66.89 402.7 64 409.2 64 416s2.891 13.28 7.938 17.84l80 72C156.4 509.9 162.2 512 168 512c3.312 0 6.615-.6875 9.756-2.062C186.4 506.1 192 497.5 192 488L192 448h160c88.22 0 160-71.78 160-160C512 270.3 497.7 256 480 256zM160 128h159.1L320 168c0 9.469 5.578 18.06 14.23 21.94C337.4 191.3 340.7 192 343.1 192c5.812 0 11.57-2.125 16.07-6.156l80-72C445.1 109.3 448 102.8 448 95.1s-2.891-13.28-7.938-17.84l-80-72c-7.047-6.312-17.19-7.875-25.83-4.094C325.6 5.938 319.1 14.53 319.1 24L320 64H160C71.78 64 0 135.8 0 224c0 17.69 14.33 32 32 32s32-14.31 32-32C64 171.1 107.1 128 160 128z\"><\/path><\/svg><\/div><div class=\"uagb-ifb-title-wrap\"><h4 class=\"uagb-ifb-title\"><strong><strong><strong><strong><strong>Reumple\u021bi. Reutiliza\u021bi. Recicla\u021bi. Resigila\u021bi.   <\/strong><\/strong><\/strong><\/strong><\/strong><\/h4><\/div><\/div><p class=\"uagb-ifb-desc\">P\u0103stra\u021bi-o, reumple\u021bi-o, resigila\u021bi-o \u2014 sau pur \u0219i simplu recicla\u021bi-o prin sistemele standard europene de reciclare.<\/p><\/div><\/div>\n<\/div>\n<\/div>\n<\/div>\n<\/div>\n\n\n\n<div style=\"height:21px\" aria-hidden=\"true\" class=\"wp-block-spacer\"><\/div>\n<\/div><\/div>\n\n\n\n<div class=\"wp-block-uagb-container uagb-block-4c8c5d96 alignfull uagb-is-root-container\"><div class=\"uagb-container-inner-blocks-wrap\">\n<div class=\"wp-block-uagb-container uagb-block-3f3ce3ee alignfull uagb-is-root-container\"><div class=\"uagb-container-inner-blocks-wrap\">\n<div class=\"wp-block-uagb-container uagb-block-f718be7d\">\n<div class=\"wp-block-uagb-info-box uagb-block-b8ef8640 uagb-infobox__content-wrap  uagb-infobox-icon-left uagb-infobox-left uagb-infobox-stacked-tablet uagb-infobox-image-valign-top\"><div class=\"uagb-ifb-content\"><div class=\"uagb-ifb-title-wrap\"><h4 class=\"uagb-ifb-title\"><strong>Crea\u021bi-v\u0103 propria identitate<\/strong><\/h4><\/div><p class=\"uagb-ifb-desc\"><em>100% Reciclabil\u0103. Resigilabil\u0103. Reutilizabil\u0103.<\/em><br>O sticl\u0103 de aluminiu cu adev\u0103rat circular\u0103 \u2014 conceput\u0103 pentru reutilizare infinit\u0103 cu impact minim asupra mediului. Creat\u0103 pentru cei care le pas\u0103 de planet\u0103, pentru c\u0103 albastrul (apa) este noul verde (sustenabilitatea).  <br><\/p><\/div><\/div>\n<\/div>\n\n\n\n<div class=\"wp-block-uagb-container uagb-block-e8731e31\">\n<div class=\"wp-block-uagb-image uagb-block-8c6bbce6 wp-block-uagb-image--layout-default wp-block-uagb-image--effect-static wp-block-uagb-image--align-none\"><figure class=\"wp-block-uagb-image__figure\"><img loading=\"lazy\" decoding=\"async\" srcset=\"https:\/\/optionrewater.com\/wp-content\/uploads\/2025\/10\/Frame-1147-1024x885.png ,https:\/\/optionrewater.com\/wp-content\/uploads\/2025\/10\/Frame-1147-scaled.png 780w, https:\/\/optionrewater.com\/wp-content\/uploads\/2025\/10\/Frame-1147-scaled.png 360w\" sizes=\"auto, (max-width: 480px) 150px\" src=\"https:\/\/optionrewater.com\/wp-content\/uploads\/2025\/10\/Frame-1147-1024x885.png\" alt=\"frame 1147\" class=\"uag-image-3583\" width=\"591\" height=\"506\" title=\"frame 1147\" loading=\"lazy\" role=\"img\"\/><\/figure><\/div>\n<\/div>\n<\/div><\/div>\n<\/div><\/div>\n\n\n\n<div class=\"wp-block-uagb-container uagb-block-80ff9a9c alignfull uagb-is-root-container\"><div class=\"uagb-container-inner-blocks-wrap\">\n<div style=\"height:35px\" aria-hidden=\"true\" class=\"wp-block-spacer\"><\/div>\n\n\n\n<div class=\"wp-block-columns is-layout-flex wp-container-core-columns-is-layout-28f84493 wp-block-columns-is-layout-flex\">\n<div class=\"wp-block-column is-layout-flow wp-block-column-is-layout-flow\" style=\"flex-basis:50em\">\n<div class=\"wp-block-uagb-info-box uagb-block-39a84220 uagb-infobox__content-wrap  uagb-infobox-icon-above-title uagb-infobox-image-valign-top\"><div class=\"uagb-ifb-content\"><div class=\"uagb-ifb-icon-wrap\"><svg xmlns=\"https:\/\/www.w3.org\/2000\/svg\" viewBox=\"0 0 256 512\"><path d=\"M256 448c0 17.67-14.33 32-32 32H32c-17.67 0-32-14.33-32-32s14.33-32 32-32h64V123.8L49.75 154.6C35.02 164.5 15.19 160.4 5.375 145.8C-4.422 131.1-.4531 111.2 14.25 101.4l96-64c9.828-6.547 22.45-7.187 32.84-1.594C153.5 41.37 160 52.22 160 64.01v352h64C241.7 416 256 430.3 256 448z\"><\/path><\/svg><\/div><div class=\"uagb-ifb-title-wrap\"><h3 class=\"uagb-ifb-title\">Surs\u0103 Sustenabil\u0103<\/h3><\/div><p class=\"uagb-ifb-desc\">Sticlele noastre sunt fabricate din <strong>aluminiu 100% reciclat<\/strong>, provenit \u00een mod responsabil din \u00eentreaga Europ\u0103.<\/p><\/div><\/div>\n\n\n\n<div class=\"wp-block-uagb-info-box uagb-block-d54e118a uagb-infobox__content-wrap  uagb-infobox-icon-above-title uagb-infobox-image-valign-top\"><div class=\"uagb-ifb-content\"><div class=\"uagb-ifb-icon-wrap\"><svg xmlns=\"https:\/\/www.w3.org\/2000\/svg\" viewBox=\"0 0 320 512\"><path d=\"M320 344c0 74.98-61.02 136-136 136H103.6c-46.34 0-87.31-29.53-101.1-73.48c-5.594-16.77 3.484-34.88 20.25-40.47c16.75-5.609 34.89 3.484 40.47 20.25c5.922 17.77 22.48 29.7 41.23 29.7H184c39.7 0 72-32.3 72-72s-32.3-72-72-72H80c-13.2 0-25.05-8.094-29.83-20.41C45.39 239.3 48.66 225.3 58.38 216.4l131.4-120.4H32c-17.67 0-32-14.33-32-32s14.33-32 32-32h240c13.2 0 25.05 8.094 29.83 20.41c4.781 12.3 1.516 26.27-8.203 35.19l-131.4 120.4H184C258.1 208 320 269 320 344z\"><\/path><\/svg><\/div><div class=\"uagb-ifb-title-wrap\"><h3 class=\"uagb-ifb-title\">Distribu\u021bie Local\u0103<\/h3><\/div><p class=\"uagb-ifb-desc\">Aprovizion\u0103m parteneri din toat\u0103 Europa, men\u021bin\u00e2nd o amprent\u0103 de carbon mult mai redus\u0103 prin logistic\u0103 local\u0103 eficient\u0103 \u0219i lan\u021buri de aprovizionare scurte.<\/p><\/div><\/div>\n<\/div>\n\n\n\n<div class=\"wp-block-column is-layout-flow wp-block-column-is-layout-flow\" style=\"flex-basis:50em\">\n<div class=\"wp-block-uagb-info-box uagb-block-e499c38b uagb-infobox__content-wrap  uagb-infobox-icon-above-title uagb-infobox-image-valign-top\"><div class=\"uagb-ifb-content\"><div class=\"uagb-ifb-icon-wrap\"><svg xmlns=\"https:\/\/www.w3.org\/2000\/svg\" viewBox=\"0 0 320 512\"><path d=\"M320 448c0 17.67-14.33 32-32 32H32c-13.08 0-24.83-7.953-29.7-20.09c-4.859-12.12-1.859-26 7.594-35.03l193.6-185.1c31.36-30.17 33.95-80 5.812-113.4c-14.91-17.69-35.86-28.12-58.97-29.38C127.4 95.83 105.3 103.9 88.53 119.9L53.52 151.7c-13.08 11.91-33.33 10.89-45.2-2.172C-3.563 136.5-2.594 116.2 10.48 104.3l34.45-31.3c28.67-27.34 68.39-42.11 108.9-39.88c40.33 2.188 78.39 21.16 104.4 52.03c49.8 59.05 45.2 147.3-10.45 200.8l-136 130H288C305.7 416 320 430.3 320 448z\"><\/path><\/svg><\/div><div class=\"uagb-ifb-title-wrap\"><h3 class=\"uagb-ifb-title\">Umplere Natural\u0103<\/h3><\/div><p class=\"uagb-ifb-desc\">Fiecare sticl\u0103 este umplut\u0103 cu ap\u0103 pur\u0103 din izvoarele britanice, care curg natural din surse protejate din Regatul Unit \u0219i este distribuit\u0103 responsabil \u00een toat\u0103 Europa.<\/p><\/div><\/div>\n\n\n\n<div class=\"wp-block-uagb-info-box uagb-block-e436f697 uagb-infobox__content-wrap  uagb-infobox-icon-above-title uagb-infobox-image-valign-top\"><div class=\"uagb-ifb-content\"><div class=\"uagb-ifb-icon-wrap\"><svg xmlns=\"https:\/\/www.w3.org\/2000\/svg\" viewBox=\"0 0 384 512\"><path d=\"M384 334.2c0 17.67-14.33 32-32 32h-32v81.78c0 17.67-14.33 32-32 32s-32-14.33-32-32v-81.78H32c-10.97 0-21.17-5.625-27.05-14.89c-5.859-9.266-6.562-20.89-1.875-30.81l128-270.2C138.6 34.33 157.8 27.56 173.7 35.09c15.97 7.562 22.78 26.66 15.22 42.63L82.56 302.2H256V160c0-17.67 14.33-32 32-32s32 14.33 32 32v142.2h32C369.7 302.2 384 316.6 384 334.2z\"><\/path><\/svg><\/div><div class=\"uagb-ifb-title-wrap\"><h3 class=\"uagb-ifb-title\">Reumple\u021bi. Resigila\u021bi. Recicla\u021bi. Repeta\u021bi.   <\/h3><\/div><p class=\"uagb-ifb-desc\">Recicla\u021bi-le cu u\u0219urin\u021b\u0103 prin sistemul local de reciclare \u0219i relua\u021bi ciclul oric\u00e2nd.<\/p><\/div><\/div>\n<\/div>\n<\/div>\n<\/div><\/div>\n\n\n\n<div class=\"wp-block-uagb-container uagb-block-688c973c alignfull uagb-is-root-container\"><div class=\"uagb-container-inner-blocks-wrap\">\n<div style=\"height:23px\" aria-hidden=\"true\" class=\"wp-block-spacer\"><\/div>\n\n\n\n<div class=\"wp-block-uagb-container uagb-layout-grid uagb-block-7c3671d3\">\n<div class=\"wp-block-uagb-advanced-heading uagb-block-12865cae\"><h3 class=\"uagb-heading-text\">Sunte\u021bi gata s\u0103 trece\u021bi la hidratarea sustenabil\u0103?<\/h3><p class=\"uagb-desc-text\">Al\u0103tura\u021bi-v\u0103 nou\u0103 \u00een aducerea RE:WATER \u00een toat\u0103 Europa \u2014 pentru cafeneaua, biroul, evenimentul sau spa\u021biul dumneavoastr\u0103 de retail. Fiecare reutilizare contribuie la reducerea plasticului \u0219i la construirea unui viitor mai sustenabil.<\/p><\/div>\n\n\n\n<div class=\"wp-block-uagb-buttons uagb-buttons__outer-wrap uagb-btn__default-btn uagb-btn-tablet__default-btn uagb-btn-mobile__default-btn uagb-block-bd3036e5\"><div class=\"uagb-buttons__wrap uagb-buttons-layout-wrap \">\n<div class=\"wp-block-uagb-buttons-child uagb-buttons__outer-wrap uagb-block-d862191c wp-block-button\"><div class=\"uagb-button__wrapper\"><a class=\"uagb-buttons-repeater wp-block-button__link\" aria-label=\"\" href=\"https:\/\/optionrewater.com\/contact\/\" rel=\"follow noopener\" target=\"_self\" role=\"button\"><div class=\"uagb-button__link\">Ob\u021bine\u021bi o ofert\u0103<\/div><span class=\"uagb-button__icon uagb-button__icon-position-after\"><svg xmlns=\"https:\/\/www.w3.org\/2000\/svg\" viewBox=\"0 0 448 512\" aria-hidden=\"true\" focussable=\"false\"><path d=\"M246.6 233.4l-160-160c-12.5-12.5-32.75-12.5-45.25 0s-12.5 32.75 0 45.25L178.8 256l-137.4 137.4c-12.5 12.5-12.5 32.75 0 45.25C47.63 444.9 55.81 448 64 448s16.38-3.125 22.62-9.375l160-160C259.1 266.1 259.1 245.9 246.6 233.4zM438.6 233.4l-160-160c-12.5-12.5-32.75-12.5-45.25 0s-12.5 32.75 0 45.25L370.8 256l-137.4 137.4c-12.5 12.5-12.5 32.75 0 45.25C239.6 444.9 247.8 448 256 448s16.38-3.125 22.62-9.375l160-160C451.1 266.1 451.1 245.9 438.6 233.4z\"><\/path><\/svg><\/span><\/a><\/div><\/div>\n<\/div><\/div>\n\n\n\n<div style=\"height:35px\" aria-hidden=\"true\" class=\"wp-block-spacer\"><\/div>\n<\/div>\n<\/div><\/div>\n\n\n\n<p><\/p>\n","protected":false},"excerpt":{"rendered":"<p>sunte\u021bi gata pentruprima \u00eenghi\u021bitur\u0103? DE CE STICLA NOASTR\u0102? Sunte\u021bi gata s\u0103 trece\u021bi la hidratarea sustenabil\u0103? Al\u0103tura\u021bi-v\u0103 nou\u0103 \u00een aducerea RE:WATER \u00een toat\u0103 Europa \u2014 pentru cafeneaua, biroul, evenimentul sau spa\u021biul dumneavoastr\u0103 de retail. Fiecare reutilizare contribuie la reducerea plasticului \u0219i la construirea unui viitor mai sustenabil.<\/p>\n","protected":false},"author":1,"featured_media":0,"parent":0,"menu_order":0,"comment_status":"closed","ping_status":"closed","template":"","meta":{"_uag_custom_page_level_css":"","site-sidebar-layout":"no-sidebar","site-content-layout":"page-builder","ast-site-content-layout":"full-width-container","site-content-style":"unboxed","site-sidebar-style":"unboxed","ast-global-header-display":"","ast-banner-title-visibility":"","ast-main-header-display":"","ast-hfb-above-header-display":"","ast-hfb-below-header-display":"","ast-hfb-mobile-header-display":"","site-post-title":"disabled","ast-breadcrumbs-content":"","ast-featured-img":"disabled","footer-sml-layout":"","theme-transparent-header-meta":"enabled","adv-header-id-meta":"","stick-header-meta":"","header-above-stick-meta":"","header-main-stick-meta":"","header-below-stick-meta":"","astra-migrate-meta-layouts":"set","ast-page-background-enabled":"default","ast-page-background-meta":{"desktop":{"background-color":"","background-image":"","background-repeat":"repeat","background-position":"center center","background-size":"auto","background-attachment":"scroll","background-type":"","background-media":"","overlay-type":"","overlay-color":"","overlay-opacity":"","overlay-gradient":""},"tablet":{"background-color":"","background-image":"","background-repeat":"repeat","background-position":"center center","background-size":"auto","background-attachment":"scroll","background-type":"","background-media":"","overlay-type":"","overlay-color":"","overlay-opacity":"","overlay-gradient":""},"mobile":{"background-color":"","background-image":"","background-repeat":"repeat","background-position":"center center","background-size":"auto","background-attachment":"scroll","background-type":"","background-media":"","overlay-type":"","overlay-color":"","overlay-opacity":"","overlay-gradient":""}},"ast-content-background-meta":{"desktop":{"background-color":"var(--ast-global-color-5)","background-image":"","background-repeat":"repeat","background-position":"center center","background-size":"auto","background-attachment":"scroll","background-type":"","background-media":"","overlay-type":"","overlay-color":"","overlay-opacity":"","overlay-gradient":""},"tablet":{"background-color":"var(--ast-global-color-5)","background-image":"","background-repeat":"repeat","background-position":"center center","background-size":"auto","background-attachment":"scroll","background-type":"","background-media":"","overlay-type":"","overlay-color":"","overlay-opacity":"","overlay-gradient":""},"mobile":{"background-color":"var(--ast-global-color-5)","background-image":"","background-repeat":"repeat","background-position":"center center","background-size":"auto","background-attachment":"scroll","background-type":"","background-media":"","overlay-type":"","overlay-color":"","overlay-opacity":"","overlay-gradient":""}},"footnotes":""},"class_list":["post-4082","page","type-page","status-publish","hentry"],"aioseo_notices":[],"_hostinger_reach_plugin_has_subscription_block":false,"_hostinger_reach_plugin_is_elementor":false,"uagb_featured_image_src":{"full":false,"thumbnail":false,"medium":false,"medium_large":false,"large":false,"1536x1536":false,"2048x2048":false,"woocommerce_thumbnail":false,"woocommerce_single":false,"woocommerce_gallery_thumbnail":false},"uagb_author_info":{"display_name":"","author_link":"https:\/\/optionrewater.com\/ro\/author\/mariasworkingspacegmail-com\/"},"uagb_comment_info":0,"uagb_excerpt":"sunte\u021bi gata pentruprima \u00eenghi\u021bitur\u0103? DE CE STICLA NOASTR\u0102? Sunte\u021bi gata s\u0103 trece\u021bi la hidratarea sustenabil\u0103? Al\u0103tura\u021bi-v\u0103 nou\u0103 \u00een aducerea RE:WATER \u00een toat\u0103 Europa \u2014 pentru cafeneaua, biroul, evenimentul sau spa\u021biul dumneavoastr\u0103 de retail. Fiecare reutilizare contribuie la reducerea plasticului \u0219i la construirea unui viitor mai sustenabil.","_links":{"self":[{"href":"https:\/\/optionrewater.com\/ro\/wp-json\/wp\/v2\/pages\/4082","targetHints":{"allow":["GET"]}}],"collection":[{"href":"https:\/\/optionrewater.com\/ro\/wp-json\/wp\/v2\/pages"}],"about":[{"href":"https:\/\/optionrewater.com\/ro\/wp-json\/wp\/v2\/types\/page"}],"author":[{"embeddable":true,"href":"https:\/\/optionrewater.com\/ro\/wp-json\/wp\/v2\/users\/1"}],"replies":[{"embeddable":true,"href":"https:\/\/optionrewater.com\/ro\/wp-json\/wp\/v2\/comments?post=4082"}],"version-history":[{"count":8,"href":"https:\/\/optionrewater.com\/ro\/wp-json\/wp\/v2\/pages\/4082\/revisions"}],"predecessor-version":[{"id":4150,"href":"https:\/\/optionrewater.com\/ro\/wp-json\/wp\/v2\/pages\/4082\/revisions\/4150"}],"wp:attachment":[{"href":"https:\/\/optionrewater.com\/ro\/wp-json\/wp\/v2\/media?parent=4082"}],"curies":[{"name":"wp","href":"https:\/\/api.w.org\/{rel}","templated":true}]}}