{"id":4059,"date":"2025-11-04T13:01:34","date_gmt":"2025-11-04T13:01:34","guid":{"rendered":"https:\/\/optionrewater.com\/sticle-din-aluminiu-comercializabile\/"},"modified":"2025-11-27T09:30:31","modified_gmt":"2025-11-27T09:30:31","slug":"sticle-din-aluminiu-comercializabile","status":"publish","type":"page","link":"https:\/\/optionrewater.com\/ro\/sticle-din-aluminiu-comercializabile\/","title":{"rendered":"Parteneriat"},"content":{"rendered":"\n<div class=\"wp-block-uagb-container uagb-block-a8606d6e alignfull uagb-is-root-container\"><div class=\"uagb-container-inner-blocks-wrap\">\n<div style=\"height:35px\" aria-hidden=\"true\" class=\"wp-block-spacer\"><\/div>\n\n\n\n<div class=\"wp-block-uagb-advanced-heading uagb-block-370f7d9b\"><h5 class=\"uagb-heading-text\"><strong>OPTI:ON<\/strong> | Distribuitor oficial al <strong>RE:WATER<\/strong><\/h5><\/div>\n\n\n\n<div class=\"wp-block-uagb-advanced-heading uagb-block-dec0b818\"><h1 class=\"uagb-heading-text\"><strong>DEZVOLTA\u021aI-V\u0102 AFACEREA.<\/strong><br><strong>Proteja\u021bi planeta.<\/strong><\/h1><\/div>\n\n\n\n<div class=\"wp-block-uagb-advanced-heading uagb-block-806a6ebb\"><h5 class=\"uagb-heading-text\">Cre\u0219te\u021bi impactul brandului cu prima ap\u0103 din <br>Marea Britanie <strong>\u00eembuteliat\u0103 \u00een aluminiu 100% reciclat<\/strong>.<br><em>Sustenabil\u0103. Reutilizabil\u0103. Profitabil\u0103.<\/em><\/h5><\/div>\n<\/div><\/div>\n\n\n\n<div class=\"wp-block-uagb-container uagb-block-ebeffa70 alignfull uagb-is-root-container\"><div class=\"uagb-container-inner-blocks-wrap\">\n<div class=\"wp-block-uagb-advanced-heading uagb-block-51c5b5ec\"><h2 class=\"uagb-heading-text\"><strong>Solu\u021bii sustenabile pentru afacerile moderne<\/strong><\/h2><\/div>\n\n\n\n<div class=\"wp-block-uagb-container uagb-block-a85bf556\">\n<div class=\"wp-block-columns is-layout-flex wp-container-core-columns-is-layout-28f84493 wp-block-columns-is-layout-flex\">\n<div class=\"wp-block-column is-layout-flow wp-block-column-is-layout-flow\">\n<div class=\"wp-block-uagb-info-box uagb-block-d0505e23 uagb-infobox__content-wrap  uagb-infobox-icon-left-title uagb-infobox-left uagb-infobox-image-valign-top\"><div class=\"uagb-ifb-content\"><div class=\"uagb-ifb-left-title-image\"><div class=\"uagb-ifb-icon-wrap\"><svg xmlns=\"https:\/\/www.w3.org\/2000\/svg\" viewBox=\"0 0 256 512\"><path d=\"M256 448c0 17.67-14.33 32-32 32H32c-17.67 0-32-14.33-32-32s14.33-32 32-32h64V123.8L49.75 154.6C35.02 164.5 15.19 160.4 5.375 145.8C-4.422 131.1-.4531 111.2 14.25 101.4l96-64c9.828-6.547 22.45-7.187 32.84-1.594C153.5 41.37 160 52.22 160 64.01v352h64C241.7 416 256 430.3 256 448z\"><\/path><\/svg><\/div><div class=\"uagb-ifb-title-wrap\"><h4 class=\"uagb-ifb-title\"><strong>Sticl\u0103 compatibil\u0103 cu g\u00e2t de 28 mm<\/strong><\/h4><\/div><\/div><p class=\"uagb-ifb-desc\">Dimensiunea preferat\u0103 a sticlei pentru ap\u0103 \u00een Marea Britanie \u2014 convenabil\u0103 \u0219i familiar\u0103 consumatorilor (Mintel, 2019).<\/p><\/div><\/div>\n\n\n\n<div class=\"wp-block-uagb-info-box uagb-block-23d576ac uagb-infobox__content-wrap  uagb-infobox-icon-left-title uagb-infobox-left uagb-infobox-image-valign-top\"><div class=\"uagb-ifb-content\"><div class=\"uagb-ifb-left-title-image\"><div class=\"uagb-ifb-icon-wrap\"><svg xmlns=\"https:\/\/www.w3.org\/2000\/svg\" viewBox=\"0 0 320 512\"><path d=\"M320 448c0 17.67-14.33 32-32 32H32c-13.08 0-24.83-7.953-29.7-20.09c-4.859-12.12-1.859-26 7.594-35.03l193.6-185.1c31.36-30.17 33.95-80 5.812-113.4c-14.91-17.69-35.86-28.12-58.97-29.38C127.4 95.83 105.3 103.9 88.53 119.9L53.52 151.7c-13.08 11.91-33.33 10.89-45.2-2.172C-3.563 136.5-2.594 116.2 10.48 104.3l34.45-31.3c28.67-27.34 68.39-42.11 108.9-39.88c40.33 2.188 78.39 21.16 104.4 52.03c49.8 59.05 45.2 147.3-10.45 200.8l-136 130H288C305.7 416 320 430.3 320 448z\"><\/path><\/svg><\/div><div class=\"uagb-ifb-title-wrap\"><h4 class=\"uagb-ifb-title\"><strong><strong>Reducerea consumului de plastic<\/strong><\/strong><\/h4><\/div><\/div><p class=\"uagb-ifb-desc\">\u00cendeplini\u021bi obiectivele de sustenabilitate f\u0103r\u0103 a perturba comportamentul consumatorilor sau procesele opera\u021bionale.<br><\/p><\/div><\/div>\n\n\n\n<div class=\"wp-block-uagb-info-box uagb-block-f9e6f50e uagb-infobox__content-wrap  uagb-infobox-icon-left-title uagb-infobox-left uagb-infobox-image-valign-top\"><div class=\"uagb-ifb-content\"><div class=\"uagb-ifb-left-title-image\"><div class=\"uagb-ifb-icon-wrap\"><svg xmlns=\"https:\/\/www.w3.org\/2000\/svg\" viewBox=\"0 0 320 512\"><path d=\"M320 344c0 74.98-61.02 136-136 136H103.6c-46.34 0-87.31-29.53-101.1-73.48c-5.594-16.77 3.484-34.88 20.25-40.47c16.75-5.609 34.89 3.484 40.47 20.25c5.922 17.77 22.48 29.7 41.23 29.7H184c39.7 0 72-32.3 72-72s-32.3-72-72-72H80c-13.2 0-25.05-8.094-29.83-20.41C45.39 239.3 48.66 225.3 58.38 216.4l131.4-120.4H32c-17.67 0-32-14.33-32-32s14.33-32 32-32h240c13.2 0 25.05 8.094 29.83 20.41c4.781 12.3 1.516 26.27-8.203 35.19l-131.4 120.4H184C258.1 208 320 269 320 344z\"><\/path><\/svg><\/div><div class=\"uagb-ifb-title-wrap\"><h4 class=\"uagb-ifb-title\"><strong><strong><strong>De\u0219euri de plastic minimizate<\/strong><\/strong><\/strong><\/h4><\/div><\/div><p class=\"uagb-ifb-desc\">Reduce\u021bi de\u0219eurile de plastic men\u021bin\u00e2nd \u00een acela\u0219i timp profitabilitatea \u0219i performan\u021ba brandului.<br><\/p><\/div><\/div>\n\n\n\n<div class=\"wp-block-uagb-info-box uagb-block-ad3591b5 uagb-infobox__content-wrap  uagb-infobox-icon-left-title uagb-infobox-left uagb-infobox-image-valign-top\"><div class=\"uagb-ifb-content\"><div class=\"uagb-ifb-left-title-image\"><div class=\"uagb-ifb-icon-wrap\"><svg xmlns=\"https:\/\/www.w3.org\/2000\/svg\" viewBox=\"0 0 384 512\"><path d=\"M384 334.2c0 17.67-14.33 32-32 32h-32v81.78c0 17.67-14.33 32-32 32s-32-14.33-32-32v-81.78H32c-10.97 0-21.17-5.625-27.05-14.89c-5.859-9.266-6.562-20.89-1.875-30.81l128-270.2C138.6 34.33 157.8 27.56 173.7 35.09c15.97 7.562 22.78 26.66 15.22 42.63L82.56 302.2H256V160c0-17.67 14.33-32 32-32s32 14.33 32 32v142.2h32C369.7 302.2 384 316.6 384 334.2z\"><\/path><\/svg><\/div><div class=\"uagb-ifb-title-wrap\"><h4 class=\"uagb-ifb-title\"><strong><strong><strong><strong><strong>Solu\u021bie eficient\u0103 din punct de vedere al costurilor<\/strong><\/strong><\/strong><\/strong><\/strong><\/h4><\/div><\/div><p class=\"uagb-ifb-desc\">Valoare comparabil\u0103 sau superioar\u0103 fa\u021b\u0103 de PET standard, asigur\u00e2nd o tranzi\u021bie f\u0103r\u0103 probleme la ambalaje sustenabile.<br><\/p><\/div><\/div>\n\n\n\n<div class=\"wp-block-uagb-info-box uagb-block-9ad6cbee uagb-infobox__content-wrap  uagb-infobox-icon-left-title uagb-infobox-left uagb-infobox-image-valign-top\"><div class=\"uagb-ifb-content\"><div class=\"uagb-ifb-left-title-image\"><div class=\"uagb-ifb-icon-wrap\"><svg xmlns=\"https:\/\/www.w3.org\/2000\/svg\" viewBox=\"0 0 320 512\"><path d=\"M320 344.6c0 74.66-60.73 135.4-135.4 135.4H104.7c-46.81 0-88.22-29.83-103-74.23c-5.594-16.77 3.469-34.89 20.23-40.48c16.83-5.625 34.91 3.469 40.48 20.23c6.078 18.23 23.08 30.48 42.3 30.48h79.95c39.36 0 71.39-32.03 71.39-71.39s-32.03-71.38-71.39-71.38H32c-9.484 0-18.47-4.203-24.56-11.48C1.359 254.5-1.172 244.9 .5156 235.6l32-177.2C35.27 43.09 48.52 32.01 64 32.01l192 .0049c17.67 0 32 14.33 32 32s-14.33 32-32 32H90.73L70.3 209.2h114.3C259.3 209.2 320 269.1 320 344.6z\"><\/path><\/svg><\/div><div class=\"uagb-ifb-title-wrap\"><h4 class=\"uagb-ifb-title\"><strong><strong><strong><strong><strong>Performan\u021b\u0103 crescut\u0103 a v\u00e2nz\u0103rilor<\/strong><\/strong><\/strong><\/strong><\/strong><\/h4><\/div><\/div><p class=\"uagb-ifb-desc\">Partenerii no\u0219tri au raportat o cre\u0219tere de p\u00e2n\u0103 la 17% \u00een v\u00e2nz\u0103rile totale de ap\u0103 dup\u0103 adoptarea Re:Water.<\/p><\/div><\/div>\n<\/div>\n\n\n\n<div class=\"wp-block-column is-layout-flow wp-block-column-is-layout-flow\">\n<div class=\"wp-block-uagb-image uagb-block-a232b6c6 wp-block-uagb-image--layout-default wp-block-uagb-image--effect-static wp-block-uagb-image--align-none\"><figure class=\"wp-block-uagb-image__figure\"><img loading=\"lazy\" decoding=\"async\" srcset=\"https:\/\/optionrewater.com\/wp-content\/uploads\/2025\/10\/image-1-718x1024.png ,https:\/\/optionrewater.com\/wp-content\/uploads\/2025\/10\/image-1-scaled.png 780w, https:\/\/optionrewater.com\/wp-content\/uploads\/2025\/10\/image-1-scaled.png 360w\" sizes=\"auto, (max-width: 480px) 150px\" src=\"https:\/\/optionrewater.com\/wp-content\/uploads\/2025\/10\/image-1-718x1024.png\" alt=\"image 1\" class=\"uag-image-3577\" width=\"503\" height=\"716\" title=\"image 1\" loading=\"lazy\" role=\"img\"\/><\/figure><\/div>\n<\/div>\n<\/div>\n<\/div>\n\n\n\n<div style=\"height:21px\" aria-hidden=\"true\" class=\"wp-block-spacer\"><\/div>\n<\/div><\/div>\n\n\n\n<div class=\"wp-block-uagb-container uagb-block-3f3ce3ee alignfull uagb-is-root-container\"><div class=\"uagb-container-inner-blocks-wrap\">\n<div class=\"wp-block-uagb-container uagb-block-0eb849ca alignfull uagb-is-root-container\"><div class=\"uagb-container-inner-blocks-wrap\">\n<div class=\"wp-block-uagb-container uagb-block-03caf24c\">\n<div class=\"wp-block-uagb-info-box uagb-block-b8ef8640 uagb-infobox__content-wrap  uagb-infobox-icon-left uagb-infobox-left uagb-infobox-stacked-tablet uagb-infobox-image-valign-top\"><div class=\"uagb-ifb-content\"><div class=\"uagb-ifb-title-wrap\"><h4 class=\"uagb-ifb-title\"><strong>ETICHET\u0102 PRIVAT\u0102<\/strong><\/h4><\/div><p class=\"uagb-ifb-desc\">Crea\u021bi o sticl\u0103 unic\u0103 pentru brandul dumneavoastr\u0103. Alege\u021bi etichete personalizate sau sticle complet imprimate pentru a v\u0103 pune identitatea \u00een valoare.<\/p><\/div><\/div>\n<\/div>\n\n\n\n<div class=\"wp-block-uagb-container uagb-block-707fe1d2\">\n<div class=\"wp-block-uagb-image uagb-block-8c6bbce6 wp-block-uagb-image--layout-default wp-block-uagb-image--effect-static wp-block-uagb-image--align-none\"><figure class=\"wp-block-uagb-image__figure\"><img loading=\"lazy\" decoding=\"async\" srcset=\"https:\/\/optionrewater.com\/wp-content\/uploads\/2025\/10\/Frame-1147-758x1024.jpg ,https:\/\/optionrewater.com\/wp-content\/uploads\/2025\/10\/Frame-1147-scaled.jpg 780w, https:\/\/optionrewater.com\/wp-content\/uploads\/2025\/10\/Frame-1147-scaled.jpg 360w\" sizes=\"auto, (max-width: 480px) 150px\" src=\"https:\/\/optionrewater.com\/wp-content\/uploads\/2025\/10\/Frame-1147-758x1024.jpg\" alt=\"frame 1147\" class=\"uag-image-3646\" width=\"304\" height=\"365\" title=\"frame 1147\" loading=\"lazy\" role=\"img\"\/><\/figure><\/div>\n<\/div>\n<\/div><\/div>\n<\/div><\/div>\n\n\n\n<div class=\"wp-block-uagb-container uagb-layout-grid uagb-block-7c3671d3 alignfull uagb-is-root-container\"><div class=\"uagb-container-inner-blocks-wrap\">\n<div class=\"wp-block-uagb-advanced-heading uagb-block-12865cae\"><h3 class=\"uagb-heading-text\">Sunte\u021bi gata s\u0103 trece\u021bi la hidratarea sustenabil\u0103?<\/h3><p class=\"uagb-desc-text\">Al\u0103tura\u021bi-v\u0103 nou\u0103 \u00een aducerea RE:WATER \u00een toat\u0103 Europa \u2014 pentru cafeneaua, biroul, evenimentul sau spa\u021biul dumneavoastr\u0103 de retail. Fiecare reutilizare contribuie la reducerea plasticului \u0219i la construirea unui viitor mai sustenabil.<\/p><\/div>\n\n\n\n<div class=\"wp-block-uagb-buttons uagb-buttons__outer-wrap uagb-btn__default-btn uagb-btn-tablet__default-btn uagb-btn-mobile__default-btn uagb-block-bd3036e5\"><div class=\"uagb-buttons__wrap uagb-buttons-layout-wrap \">\n<div class=\"wp-block-uagb-buttons-child uagb-buttons__outer-wrap uagb-block-d862191c wp-block-button\"><div class=\"uagb-button__wrapper\"><a class=\"uagb-buttons-repeater wp-block-button__link\" aria-label=\"\" href=\"https:\/\/optionrewater.com\/contact-us\/\" rel=\"follow noopener\" target=\"_self\" role=\"button\"><div class=\"uagb-button__link\"><strong>Ob\u021bine-\u021bi o ofert\u0103<\/strong><\/div><\/a><\/div><\/div>\n<\/div><\/div>\n<\/div><\/div>\n\n\n\n<p><\/p>\n","protected":false},"excerpt":{"rendered":"<p>OPTI:ON | Distribuitor oficial al RE:WATER DEZVOLTA\u021aI-V\u0102 AFACEREA.Proteja\u021bi planeta. Cre\u0219te\u021bi impactul brandului cu prima ap\u0103 din Marea Britanie \u00eembuteliat\u0103 \u00een aluminiu 100% reciclat.Sustenabil\u0103. Reutilizabil\u0103. Profitabil\u0103. Solu\u021bii sustenabile pentru afacerile moderne Sunte\u021bi gata s\u0103 trece\u021bi la hidratarea sustenabil\u0103? Al\u0103tura\u021bi-v\u0103 nou\u0103 \u00een aducerea RE:WATER \u00een toat\u0103 Europa \u2014 pentru cafeneaua, biroul, evenimentul sau spa\u021biul dumneavoastr\u0103 de retail. [&hellip;]<\/p>\n","protected":false},"author":1,"featured_media":0,"parent":0,"menu_order":0,"comment_status":"closed","ping_status":"closed","template":"","meta":{"_uag_custom_page_level_css":"","site-sidebar-layout":"no-sidebar","site-content-layout":"page-builder","ast-site-content-layout":"full-width-container","site-content-style":"unboxed","site-sidebar-style":"unboxed","ast-global-header-display":"","ast-banner-title-visibility":"","ast-main-header-display":"","ast-hfb-above-header-display":"","ast-hfb-below-header-display":"","ast-hfb-mobile-header-display":"","site-post-title":"disabled","ast-breadcrumbs-content":"","ast-featured-img":"disabled","footer-sml-layout":"","theme-transparent-header-meta":"enabled","adv-header-id-meta":"","stick-header-meta":"","header-above-stick-meta":"","header-main-stick-meta":"","header-below-stick-meta":"","astra-migrate-meta-layouts":"set","ast-page-background-enabled":"default","ast-page-background-meta":{"desktop":{"background-color":"","background-image":"","background-repeat":"repeat","background-position":"center center","background-size":"auto","background-attachment":"scroll","background-type":"","background-media":"","overlay-type":"","overlay-color":"","overlay-opacity":"","overlay-gradient":""},"tablet":{"background-color":"","background-image":"","background-repeat":"repeat","background-position":"center center","background-size":"auto","background-attachment":"scroll","background-type":"","background-media":"","overlay-type":"","overlay-color":"","overlay-opacity":"","overlay-gradient":""},"mobile":{"background-color":"","background-image":"","background-repeat":"repeat","background-position":"center center","background-size":"auto","background-attachment":"scroll","background-type":"","background-media":"","overlay-type":"","overlay-color":"","overlay-opacity":"","overlay-gradient":""}},"ast-content-background-meta":{"desktop":{"background-color":"var(--ast-global-color-5)","background-image":"","background-repeat":"repeat","background-position":"center center","background-size":"auto","background-attachment":"scroll","background-type":"","background-media":"","overlay-type":"","overlay-color":"","overlay-opacity":"","overlay-gradient":""},"tablet":{"background-color":"var(--ast-global-color-5)","background-image":"","background-repeat":"repeat","background-position":"center center","background-size":"auto","background-attachment":"scroll","background-type":"","background-media":"","overlay-type":"","overlay-color":"","overlay-opacity":"","overlay-gradient":""},"mobile":{"background-color":"var(--ast-global-color-5)","background-image":"","background-repeat":"repeat","background-position":"center center","background-size":"auto","background-attachment":"scroll","background-type":"","background-media":"","overlay-type":"","overlay-color":"","overlay-opacity":"","overlay-gradient":""}},"footnotes":""},"class_list":["post-4059","page","type-page","status-publish","hentry"],"aioseo_notices":[],"_hostinger_reach_plugin_has_subscription_block":false,"_hostinger_reach_plugin_is_elementor":false,"uagb_featured_image_src":{"full":false,"thumbnail":false,"medium":false,"medium_large":false,"large":false,"1536x1536":false,"2048x2048":false,"woocommerce_thumbnail":false,"woocommerce_single":false,"woocommerce_gallery_thumbnail":false},"uagb_author_info":{"display_name":"","author_link":"https:\/\/optionrewater.com\/ro\/author\/mariasworkingspacegmail-com\/"},"uagb_comment_info":0,"uagb_excerpt":"OPTI:ON | Distribuitor oficial al RE:WATER DEZVOLTA\u021aI-V\u0102 AFACEREA.Proteja\u021bi planeta. Cre\u0219te\u021bi impactul brandului cu prima ap\u0103 din Marea Britanie \u00eembuteliat\u0103 \u00een aluminiu 100% reciclat.Sustenabil\u0103. Reutilizabil\u0103. Profitabil\u0103. Solu\u021bii sustenabile pentru afacerile moderne Sunte\u021bi gata s\u0103 trece\u021bi la hidratarea sustenabil\u0103? Al\u0103tura\u021bi-v\u0103 nou\u0103 \u00een aducerea RE:WATER \u00een toat\u0103 Europa \u2014 pentru cafeneaua, biroul, evenimentul sau spa\u021biul dumneavoastr\u0103 de retail.&hellip;","_links":{"self":[{"href":"https:\/\/optionrewater.com\/ro\/wp-json\/wp\/v2\/pages\/4059","targetHints":{"allow":["GET"]}}],"collection":[{"href":"https:\/\/optionrewater.com\/ro\/wp-json\/wp\/v2\/pages"}],"about":[{"href":"https:\/\/optionrewater.com\/ro\/wp-json\/wp\/v2\/types\/page"}],"author":[{"embeddable":true,"href":"https:\/\/optionrewater.com\/ro\/wp-json\/wp\/v2\/users\/1"}],"replies":[{"embeddable":true,"href":"https:\/\/optionrewater.com\/ro\/wp-json\/wp\/v2\/comments?post=4059"}],"version-history":[{"count":7,"href":"https:\/\/optionrewater.com\/ro\/wp-json\/wp\/v2\/pages\/4059\/revisions"}],"predecessor-version":[{"id":4152,"href":"https:\/\/optionrewater.com\/ro\/wp-json\/wp\/v2\/pages\/4059\/revisions\/4152"}],"wp:attachment":[{"href":"https:\/\/optionrewater.com\/ro\/wp-json\/wp\/v2\/media?parent=4059"}],"curies":[{"name":"wp","href":"https:\/\/api.w.org\/{rel}","templated":true}]}}